{"id":257816,"date":"2025-02-12T10:44:36","date_gmt":"2025-02-12T09:44:36","guid":{"rendered":"https:\/\/old.beauvoirclinic.com\/juridische-informatie\/"},"modified":"2025-02-15T08:53:04","modified_gmt":"2025-02-15T07:53:04","slug":"juridische-informatie","status":"publish","type":"page","link":"https:\/\/old.beauvoirclinic.com\/nl\/juridische-informatie\/","title":{"rendered":"Juridische informatie"},"content":{"rendered":"<p>[et_pb_section fb_built=&#8221;1&#8243; custom_padding_last_edited=&#8221;on|phone&#8221; _builder_version=&#8221;4.27.4&#8243; _module_preset=&#8221;default&#8221; background_color=&#8221;gcid-4f225831-46d8-45b6-a442-095724bfb2f0&#8243; use_background_color_gradient=&#8221;on&#8221; background_color_gradient_stops=&#8221;rgba(33,27,30,0.72) 0%|rgba(0,0,0,0.46) 100%&#8221; background_color_gradient_overlays_image=&#8221;on&#8221; background_enable_image=&#8221;off&#8221; parallax=&#8221;on&#8221; custom_padding=&#8221;30px||40px||false|false&#8221; custom_padding_tablet=&#8221;50px||50px||false|false&#8221; custom_padding_phone=&#8221;20px||10px||false|false&#8221; locked=&#8221;off&#8221; global_colors_info=&#8221;{%22gcid-4f225831-46d8-45b6-a442-095724bfb2f0%22:%91%22background_color%22%93}&#8221;][et_pb_row custom_padding_last_edited=&#8221;on|phone&#8221; _builder_version=&#8221;4.27.2&#8243; _module_preset=&#8221;default&#8221; width_tablet=&#8221;&#8221; width_phone=&#8221;95%&#8221; width_last_edited=&#8221;on|phone&#8221; max_width_tablet=&#8221;&#8221; max_width_phone=&#8221;&#8221; max_width_last_edited=&#8221;on|phone&#8221; custom_padding_tablet=&#8221;&#8221; custom_padding_phone=&#8221;|10px||10px|false|true&#8221; global_colors_info=&#8221;{}&#8221;][et_pb_column type=&#8221;4_4&#8243; _builder_version=&#8221;4.27.2&#8243; _module_preset=&#8221;default&#8221; global_colors_info=&#8221;{}&#8221;][et_pb_text content_tablet=&#8221;<\/p>\n<h1>\nHaartransplantaties bij Clinique Paris \u00c9toile<\/h1>\n<p>&#8221; content_phone=&#8221;<\/p>\n<h1>Haartransplantatie in de Clinique Paris \u00c9toile<\/h1>\n<p>&#8221; content_last_edited=&#8221;off|desktop&#8221; _builder_version=&#8221;4.27.4&#8243; _module_preset=&#8221;_initial&#8221; text_text_color=&#8221;gcid-heading-color&#8221; link_font=&#8221;|600|||||||solid&#8221; link_text_color=&#8221;gcid-heading-color&#8221; header_font=&#8221;&#8211;et_global_heading_font||||||||&#8221; header_text_align=&#8221;center&#8221; header_text_color=&#8221;#FFFFFF&#8221; header_font_size=&#8221;60px&#8221; header_letter_spacing=&#8221;1px&#8221; header_line_height=&#8221;1.2em&#8221; header_3_text_color=&#8221;gcid-7aac8676-a588-444b-8e5e-5db034c324bf&#8221; custom_margin_tablet=&#8221;&#8221; custom_margin_phone=&#8221;||||false|false&#8221; custom_margin_last_edited=&#8221;on|phone&#8221; custom_padding=&#8221;||||false|false&#8221; custom_padding_tablet=&#8221;||||false|false&#8221; custom_padding_phone=&#8221;||||false|false&#8221; custom_padding_last_edited=&#8221;on|phone&#8221; header_font_size_tablet=&#8221;50px&#8221; header_font_size_phone=&#8221;30px&#8221; header_font_size_last_edited=&#8221;on|phone&#8221; global_colors_info=&#8221;{%22gcid-7aac8676-a588-444b-8e5e-5db034c324bf%22:%91%22header_3_text_color%22,%22link_text_color%22%93,%22gcid-heading-color%22:%91%22text_text_color%22,%22link_text_color%22%93,%22gcid-a6b70620-79f9-44c6-aa4e-5fb633331b50%22:%91%22link_text_color__hover%22%93}&#8221; link_text_color__hover=&#8221;#50a5ff&#8221; link_text_color__hover_enabled=&#8221;on|hover&#8221;]<\/p>\n<h1>Juridische informatie<\/h1>\n<p>[\/et_pb_text][\/et_pb_column][\/et_pb_row][\/et_pb_section][et_pb_section fb_built=&#8221;1&#8243; admin_label=&#8221;Contact Info&#8221; _builder_version=&#8221;4.27.4&#8243; _module_preset=&#8221;default&#8221; background_color=&#8221;RGBA(255,255,255,0)&#8221; background_enable_image=&#8221;off&#8221; custom_padding=&#8221;30px||60px||false|false&#8221; locked=&#8221;off&#8221; global_colors_info=&#8221;{}&#8221;][et_pb_row use_custom_gutter=&#8221;on&#8221; gutter_width=&#8221;1&#8243; make_equal=&#8221;on&#8221; custom_padding_last_edited=&#8221;on|phone&#8221; _builder_version=&#8221;4.27.4&#8243; _module_preset=&#8221;default&#8221; width_tablet=&#8221;&#8221; width_phone=&#8221;90%&#8221; width_last_edited=&#8221;on|phone&#8221; max_width=&#8221;1200px&#8221; max_width_tablet=&#8221;1400px&#8221; max_width_phone=&#8221;1400px&#8221; max_width_last_edited=&#8221;on|phone&#8221; module_alignment=&#8221;center&#8221; custom_margin=&#8221;14px|auto||auto|false|false&#8221; custom_margin_tablet=&#8221;14px|auto||auto|false|false&#8221; custom_margin_phone=&#8221;0px|auto||auto|false|false&#8221; custom_margin_last_edited=&#8221;on|phone&#8221; custom_padding=&#8221;16px||16px||true|true&#8221; custom_padding_tablet=&#8221;11px|||||&#8221; custom_padding_phone=&#8221;10px||10px||false|false&#8221; custom_css_main_element=&#8221;align-items : flex-start;&#8221; border_radii=&#8221;on|14px|14px|14px|14px&#8221; border_color_all=&#8221;gcid-f9e61126-2621-43d8-86f0-ec1716352d32&#8243; global_colors_info=&#8221;{%22gcid-f9e61126-2621-43d8-86f0-ec1716352d32%22:%91%22border_color_all%22%93}&#8221;][et_pb_column type=&#8221;4_4&#8243; _builder_version=&#8221;4.27.4&#8243; _module_preset=&#8221;default&#8221; global_colors_info=&#8221;{}&#8221;][et_pb_text _builder_version=&#8221;4.27.4&#8243; _module_preset=&#8221;default&#8221; text_font=&#8221;Heebo|300|||||||&#8221; custom_margin=&#8221;5px|||||&#8221; custom_margin_tablet=&#8221;||||false|false&#8221; custom_margin_phone=&#8221;0px||0px||true|false&#8221; custom_margin_last_edited=&#8221;on|phone&#8221; hover_enabled=&#8221;0&#8243; text_font_size_tablet=&#8221;18px&#8221; text_font_size_phone=&#8221;16px&#8221; text_font_size_last_edited=&#8221;on|phone&#8221; header_4_font_size_tablet=&#8221;26px&#8221; header_4_font_size_phone=&#8221;22px&#8221; locked=&#8221;off&#8221; global_colors_info=&#8221;{%22gcid-8ac111ac-7233-4490-96c1-0213e1d72b14%22:%91%22text_text_color%22%93,%22gcid-715b6ee0-f389-4847-b625-ad6eb8121039%22:%91%22header_3_text_color%22,%22header_2_text_color%22%93,%22gcid-1c97989c-1ffb-4241-b2f3-521cea3501be%22:%91%22dsm_modules_readmore_link_color%22%93}&#8221; sticky_enabled=&#8221;0&#8243;]<\/p>\n<h4>1. Bedrijfsgegevens<\/h4>\n<p>Klinieknaam: Beauvoir Clinic (handelsnaam van Auly SRL) Adres: Dr\u00e8ve Richelle 161b, 1410 Waterloo, Belgi\u00eb Email: info@old.beauvoirclinic.com Bedrijfsnummer: 1019.289.361<\/p>\n<h4>2. Algemene voorwaarden voor het gebruik van de website<\/h4>\n<p>Deze algemene gebruiksvoorwaarden regelen het gebruik van de diensten die worden aangeboden op de website old.beauvoirclinic.com en alle informatie en inhoud die beschikbaar is op deze website die Auly SRL ter beschikking stelt van internetgebruikers.<\/p>\n<p><strong>Inleiding<\/strong><\/p>\n<p>Het enkele gebruik en\/of raadplegen van deze Site impliceert automatisch en onvoorwaardelijk uw volledige en onvoorwaardelijke aanvaarding van al deze gebruiksvoorwaarden. Auly SRL behoudt zich het recht voor om deze gebruiksvoorwaarden op elk moment te wijzigen, zonder voorafgaande kennisgeving of enige vorm van compensatie. We raden je daarom aan om ze regelmatig te raadplegen.<\/p>\n<p><strong>Aansprakelijkheid<\/strong><\/p>\n<p>Ondanks de grote zorg die besteed is aan de creatie en het updaten van deze site, kan Auly SRL de juistheid van de informatie niet garanderen en wijst alle verantwoordelijkheid af voor de inhoud van de site en het gebruik ervan. De informatie en gegevens op de Site worden uitsluitend ter informatie aangeboden. Auly SRL aanvaardt geen aansprakelijkheid voor eventuele fouten, onnauwkeurigheden of weglatingen in de informatie. In het algemeen kan Auly SRL niet aansprakelijk worden gesteld in geval van technische problemen van welke aard dan ook die de verspreiding van haar Site be\u00efnvloeden. Auly SRL behoudt zich het recht voor om de Site geheel of gedeeltelijk te wijzigen of tijdelijk of permanent te onderbreken, zonder voorafgaande kennisgeving of compensatie van welke aard dan ook. Auly SRL is in geen geval aansprakelijk jegens u of een derde partij voor enige wijziging, onderbreking, opschorting of verwijdering van de Site. In het geval dat Auly SRL links cre\u00ebert met andere sites, kan Auly SRL niet verantwoordelijk worden gehouden voor de inhoud en het bestaan van deze andere sites.<\/p>\n<p><strong>Intellectueel eigendom<\/strong><\/p>\n<p>Het gebruik van de Site verleent de gebruiker geen enkel intellectueel eigendomsrecht met betrekking tot de inhoud van de Site, die het exclusieve eigendom blijft van Auly SRL. Alle teksten, foto&#8217;s, video&#8217;s, gegevens, posters, logo&#8217;s, handelsmerken en andere elementen die op de site worden weergegeven, zijn voorbehouden en worden beschermd door het merkenrecht en\/of het auteursrecht en\/of andere toepasselijke bepalingen inzake intellectueel eigendom. Als zodanig mag je het alleen voor priv\u00e9doeleinden gebruiken. Elk ander gebruik vormt namaak en\/of inbreuk op handelsmerkrechten en\/of auteursrechten en\/of andere geldende bepalingen op het gebied van intellectueel eigendom. Het is daarom verboden om zonder voorafgaande en uitdrukkelijke toestemming van Auly SRL alle of een deel van de op de site weergegeven elementen en de hele site of een deel ervan te reproduceren, weer te geven, te distribueren, te verhandelen, te wijzigen of in licentie te geven. Elk illegaal gebruik van de hele Site of een deel ervan (piraterij, namaak, enz.) kan leiden tot vervolging in overeenstemming met de geldende wetten.<\/p>\n<p><strong>Koppelingen en hyperlinks<\/strong><\/p>\n<p>U mag een link cre\u00ebren tussen uw eigen site en de startpagina van de Site van Auly SRL. Elke hyperlink tussen uw eigen site en een interne pagina van de Site moet vooraf uitdrukkelijk worden goedgekeurd door Auly SRL.<\/p>\n<p><strong>Persoonlijke gegevens<\/strong><\/p>\n<p>Auly SRL verzamelt waarschijnlijk bepaalde persoonlijke informatie over u. Deze persoonlijke gegevens worden verwerkt in overeenstemming met de huidige wetgeving. <br \/>In het bijzonder: &#8211; De informatie verzameld door de verantwoordelijke voor de verwerking, in het bijzonder de namen, voornamen, adressen en telefoonnummers die u ons meedeelt, kan worden gecodeerd in de geautomatiseerde gegevensbestanden van Auly SRL.<br \/>&#8211; Deze gegevens kunnen door Auly SRL worden gebruikt en verwerkt met het oog op het beheer van de relaties met de internetgebruikers.<br \/>&#8211; Deze gegevens kunnen ook worden gebruikt voor marketing, public relations en commerci\u00eble prospectie door Auly SRL, tenzij u hiertegen bezwaar maakt.<br \/>&#8211; Personen hebben het recht om kosteloos hun persoonsgegevens in te zien en kosteloos te laten corrigeren als deze onjuist, onvolledig of irrelevant blijken te zijn. Personen die van dit recht gebruik willen maken, kunnen dit doen door een schriftelijk, gedateerd en ondertekend verzoek te sturen naar Auly SRL, samen met een kopie van beide zijden van hun identiteitskaart.<\/p>\n<p><strong>Toepasselijk recht &#8211; Geschillen<\/strong><\/p>\n<p>De Site valt onder het Belgisch recht en in geval van een geschil zijn enkel de rechtbanken van het arrondissement Nijvel bevoegd.<\/p>\n<p>[\/et_pb_text][\/et_pb_column][\/et_pb_row][\/et_pb_section]<\/p>\n","protected":false},"excerpt":{"rendered":"<p>Juridische informatie1. Bedrijfsgegevens Klinieknaam: Beauvoir Clinic (handelsnaam van Auly SRL) Adres: Dr\u00e8ve Richelle 161b, 1410 Waterloo, Belgi\u00eb Email: info@old.beauvoirclinic.com Bedrijfsnummer: 1019.289.361 2. Algemene voorwaarden voor het gebruik van de website Deze algemene gebruiksvoorwaarden regelen het gebruik van de diensten die worden aangeboden op de website old.beauvoirclinic.com en alle informatie en inhoud die beschikbaar is op deze website die Auly SRL ter beschikking stelt van internetgebruikers. Inleiding Het enkele gebruik en\/of raadplegen van deze Site impliceert automatisch en onvoorwaardelijk uw volledige en onvoorwaardelijke aanvaarding van al deze gebruiksvoorwaarden. Auly SRL behoudt zich het recht voor om deze gebruiksvoorwaarden op elk moment te wijzigen, zonder voorafgaande kennisgeving of enige vorm van compensatie. We raden je daarom aan om ze regelmatig te raadplegen. Aansprakelijkheid Ondanks de grote zorg die besteed is aan de creatie en het updaten van deze site, kan Auly SRL de juistheid van de informatie niet garanderen en wijst alle verantwoordelijkheid af voor de inhoud van de site en het gebruik ervan. De informatie en gegevens op de Site worden uitsluitend ter informatie aangeboden. Auly SRL aanvaardt geen aansprakelijkheid voor eventuele fouten, onnauwkeurigheden of weglatingen in de informatie. In het algemeen kan Auly SRL niet aansprakelijk worden gesteld in geval [&hellip;]<\/p>\n","protected":false},"author":2,"featured_media":0,"parent":0,"menu_order":0,"comment_status":"closed","ping_status":"closed","template":"","meta":{"_et_pb_use_builder":"on","_et_pb_old_content":"","_et_gb_content_width":"","content-type":"","footnotes":""},"class_list":["post-257816","page","type-page","status-publish","hentry"],"yoast_head":"<!-- This site is optimized with the Yoast SEO plugin v25.7 - https:\/\/yoast.com\/wordpress\/plugins\/seo\/ -->\n<title>Juridische informatie - Beauvoir Clinic<\/title>\n<meta name=\"robots\" content=\"noindex, follow, max-snippet:-1, max-image-preview:large, max-video-preview:-1\" \/>\n<meta property=\"og:locale\" content=\"nl_NL\" \/>\n<meta property=\"og:type\" content=\"article\" \/>\n<meta property=\"og:title\" content=\"Juridische informatie - Beauvoir Clinic\" \/>\n<meta property=\"og:description\" content=\"Juridische informatie1. Bedrijfsgegevens Klinieknaam: Beauvoir Clinic (handelsnaam van Auly SRL) Adres: Dr\u00e8ve Richelle 161b, 1410 Waterloo, Belgi\u00eb Email: info@old.beauvoirclinic.com Bedrijfsnummer: 1019.289.361 2. Algemene voorwaarden voor het gebruik van de website Deze algemene gebruiksvoorwaarden regelen het gebruik van de diensten die worden aangeboden op de website old.beauvoirclinic.com en alle informatie en inhoud die beschikbaar is op deze website die Auly SRL ter beschikking stelt van internetgebruikers. Inleiding Het enkele gebruik en\/of raadplegen van deze Site impliceert automatisch en onvoorwaardelijk uw volledige en onvoorwaardelijke aanvaarding van al deze gebruiksvoorwaarden. Auly SRL behoudt zich het recht voor om deze gebruiksvoorwaarden op elk moment te wijzigen, zonder voorafgaande kennisgeving of enige vorm van compensatie. We raden je daarom aan om ze regelmatig te raadplegen. Aansprakelijkheid Ondanks de grote zorg die besteed is aan de creatie en het updaten van deze site, kan Auly SRL de juistheid van de informatie niet garanderen en wijst alle verantwoordelijkheid af voor de inhoud van de site en het gebruik ervan. De informatie en gegevens op de Site worden uitsluitend ter informatie aangeboden. Auly SRL aanvaardt geen aansprakelijkheid voor eventuele fouten, onnauwkeurigheden of weglatingen in de informatie. In het algemeen kan Auly SRL niet aansprakelijk worden gesteld in geval [&hellip;]\" \/>\n<meta property=\"og:url\" content=\"https:\/\/old.beauvoirclinic.com\/nl\/juridische-informatie\/\" \/>\n<meta property=\"og:site_name\" content=\"Beauvoir Clinic\" \/>\n<meta property=\"article:publisher\" content=\"https:\/\/facebook.com\/beauvoirclinic\" \/>\n<meta property=\"article:modified_time\" content=\"2025-02-15T07:53:04+00:00\" \/>\n<meta name=\"twitter:card\" content=\"summary_large_image\" \/>\n<meta name=\"twitter:label1\" content=\"Geschatte leestijd\" \/>\n\t<meta name=\"twitter:data1\" content=\"7 minuten\" \/>\n<script type=\"application\/ld+json\" class=\"yoast-schema-graph\">{\"@context\":\"https:\/\/schema.org\",\"@graph\":[{\"@type\":\"WebPage\",\"@id\":\"https:\/\/old.beauvoirclinic.com\/nl\/juridische-informatie\/\",\"url\":\"https:\/\/old.beauvoirclinic.com\/nl\/juridische-informatie\/\",\"name\":\"Juridische informatie - Beauvoir Clinic\",\"isPartOf\":{\"@id\":\"https:\/\/old.beauvoirclinic.com\/nl\/#website\"},\"datePublished\":\"2025-02-12T09:44:36+00:00\",\"dateModified\":\"2025-02-15T07:53:04+00:00\",\"breadcrumb\":{\"@id\":\"https:\/\/old.beauvoirclinic.com\/nl\/juridische-informatie\/#breadcrumb\"},\"inLanguage\":\"nl-NL\",\"potentialAction\":[{\"@type\":\"ReadAction\",\"target\":[\"https:\/\/old.beauvoirclinic.com\/nl\/juridische-informatie\/\"]}]},{\"@type\":\"BreadcrumbList\",\"@id\":\"https:\/\/old.beauvoirclinic.com\/nl\/juridische-informatie\/#breadcrumb\",\"itemListElement\":[{\"@type\":\"ListItem\",\"position\":1,\"name\":\"Accueil\",\"item\":\"https:\/\/old.beauvoirclinic.com\/nl\/\"},{\"@type\":\"ListItem\",\"position\":2,\"name\":\"Juridische informatie\"}]},{\"@type\":\"WebSite\",\"@id\":\"https:\/\/old.beauvoirclinic.com\/nl\/#website\",\"url\":\"https:\/\/old.beauvoirclinic.com\/nl\/\",\"name\":\"Beauvoir Clinic\",\"description\":\"Beaut\u00e9, Bien-\u00eatre, Long\u00e9vit\u00e9\",\"publisher\":{\"@id\":\"https:\/\/old.beauvoirclinic.com\/nl\/#organization\"},\"potentialAction\":[{\"@type\":\"SearchAction\",\"target\":{\"@type\":\"EntryPoint\",\"urlTemplate\":\"https:\/\/old.beauvoirclinic.com\/nl\/?s={search_term_string}\"},\"query-input\":{\"@type\":\"PropertyValueSpecification\",\"valueRequired\":true,\"valueName\":\"search_term_string\"}}],\"inLanguage\":\"nl-NL\"},{\"@type\":\"Organization\",\"@id\":\"https:\/\/old.beauvoirclinic.com\/nl\/#organization\",\"name\":\"Beauvoir Clinic\",\"url\":\"https:\/\/old.beauvoirclinic.com\/nl\/\",\"logo\":{\"@type\":\"ImageObject\",\"inLanguage\":\"nl-NL\",\"@id\":\"https:\/\/old.beauvoirclinic.com\/nl\/#\/schema\/logo\/image\/\",\"url\":\"https:\/\/old.beauvoirclinic.com\/wp-content\/uploads\/2025\/07\/logo.jpg\",\"contentUrl\":\"https:\/\/old.beauvoirclinic.com\/wp-content\/uploads\/2025\/07\/logo.jpg\",\"width\":1350,\"height\":1080,\"caption\":\"Beauvoir Clinic\"},\"image\":{\"@id\":\"https:\/\/old.beauvoirclinic.com\/nl\/#\/schema\/logo\/image\/\"},\"sameAs\":[\"https:\/\/facebook.com\/beauvoirclinic\",\"https:\/\/www.instagram.com\/beauvoir.clinic\",\"https:\/\/linkedin.com\/company\/beauvoirclinic\"]}]}<\/script>\n<!-- \/ Yoast SEO plugin. -->","yoast_head_json":{"title":"Juridische informatie - Beauvoir Clinic","robots":{"index":"noindex","follow":"follow","max-snippet":"max-snippet:-1","max-image-preview":"max-image-preview:large","max-video-preview":"max-video-preview:-1"},"og_locale":"nl_NL","og_type":"article","og_title":"Juridische informatie - Beauvoir Clinic","og_description":"Juridische informatie1. Bedrijfsgegevens Klinieknaam: Beauvoir Clinic (handelsnaam van Auly SRL) Adres: Dr\u00e8ve Richelle 161b, 1410 Waterloo, Belgi\u00eb Email: info@old.beauvoirclinic.com Bedrijfsnummer: 1019.289.361 2. Algemene voorwaarden voor het gebruik van de website Deze algemene gebruiksvoorwaarden regelen het gebruik van de diensten die worden aangeboden op de website old.beauvoirclinic.com en alle informatie en inhoud die beschikbaar is op deze website die Auly SRL ter beschikking stelt van internetgebruikers. Inleiding Het enkele gebruik en\/of raadplegen van deze Site impliceert automatisch en onvoorwaardelijk uw volledige en onvoorwaardelijke aanvaarding van al deze gebruiksvoorwaarden. Auly SRL behoudt zich het recht voor om deze gebruiksvoorwaarden op elk moment te wijzigen, zonder voorafgaande kennisgeving of enige vorm van compensatie. We raden je daarom aan om ze regelmatig te raadplegen. Aansprakelijkheid Ondanks de grote zorg die besteed is aan de creatie en het updaten van deze site, kan Auly SRL de juistheid van de informatie niet garanderen en wijst alle verantwoordelijkheid af voor de inhoud van de site en het gebruik ervan. De informatie en gegevens op de Site worden uitsluitend ter informatie aangeboden. Auly SRL aanvaardt geen aansprakelijkheid voor eventuele fouten, onnauwkeurigheden of weglatingen in de informatie. In het algemeen kan Auly SRL niet aansprakelijk worden gesteld in geval [&hellip;]","og_url":"https:\/\/old.beauvoirclinic.com\/nl\/juridische-informatie\/","og_site_name":"Beauvoir Clinic","article_publisher":"https:\/\/facebook.com\/beauvoirclinic","article_modified_time":"2025-02-15T07:53:04+00:00","twitter_card":"summary_large_image","twitter_misc":{"Geschatte leestijd":"7 minuten"},"schema":{"@context":"https:\/\/schema.org","@graph":[{"@type":"WebPage","@id":"https:\/\/old.beauvoirclinic.com\/nl\/juridische-informatie\/","url":"https:\/\/old.beauvoirclinic.com\/nl\/juridische-informatie\/","name":"Juridische informatie - Beauvoir Clinic","isPartOf":{"@id":"https:\/\/old.beauvoirclinic.com\/nl\/#website"},"datePublished":"2025-02-12T09:44:36+00:00","dateModified":"2025-02-15T07:53:04+00:00","breadcrumb":{"@id":"https:\/\/old.beauvoirclinic.com\/nl\/juridische-informatie\/#breadcrumb"},"inLanguage":"nl-NL","potentialAction":[{"@type":"ReadAction","target":["https:\/\/old.beauvoirclinic.com\/nl\/juridische-informatie\/"]}]},{"@type":"BreadcrumbList","@id":"https:\/\/old.beauvoirclinic.com\/nl\/juridische-informatie\/#breadcrumb","itemListElement":[{"@type":"ListItem","position":1,"name":"Accueil","item":"https:\/\/old.beauvoirclinic.com\/nl\/"},{"@type":"ListItem","position":2,"name":"Juridische informatie"}]},{"@type":"WebSite","@id":"https:\/\/old.beauvoirclinic.com\/nl\/#website","url":"https:\/\/old.beauvoirclinic.com\/nl\/","name":"Beauvoir Clinic","description":"Beaut\u00e9, Bien-\u00eatre, Long\u00e9vit\u00e9","publisher":{"@id":"https:\/\/old.beauvoirclinic.com\/nl\/#organization"},"potentialAction":[{"@type":"SearchAction","target":{"@type":"EntryPoint","urlTemplate":"https:\/\/old.beauvoirclinic.com\/nl\/?s={search_term_string}"},"query-input":{"@type":"PropertyValueSpecification","valueRequired":true,"valueName":"search_term_string"}}],"inLanguage":"nl-NL"},{"@type":"Organization","@id":"https:\/\/old.beauvoirclinic.com\/nl\/#organization","name":"Beauvoir Clinic","url":"https:\/\/old.beauvoirclinic.com\/nl\/","logo":{"@type":"ImageObject","inLanguage":"nl-NL","@id":"https:\/\/old.beauvoirclinic.com\/nl\/#\/schema\/logo\/image\/","url":"https:\/\/old.beauvoirclinic.com\/wp-content\/uploads\/2025\/07\/logo.jpg","contentUrl":"https:\/\/old.beauvoirclinic.com\/wp-content\/uploads\/2025\/07\/logo.jpg","width":1350,"height":1080,"caption":"Beauvoir Clinic"},"image":{"@id":"https:\/\/old.beauvoirclinic.com\/nl\/#\/schema\/logo\/image\/"},"sameAs":["https:\/\/facebook.com\/beauvoirclinic","https:\/\/www.instagram.com\/beauvoir.clinic","https:\/\/linkedin.com\/company\/beauvoirclinic"]}]}},"_links":{"self":[{"href":"https:\/\/old.beauvoirclinic.com\/nl\/wp-json\/wp\/v2\/pages\/257816","targetHints":{"allow":["GET"]}}],"collection":[{"href":"https:\/\/old.beauvoirclinic.com\/nl\/wp-json\/wp\/v2\/pages"}],"about":[{"href":"https:\/\/old.beauvoirclinic.com\/nl\/wp-json\/wp\/v2\/types\/page"}],"author":[{"embeddable":true,"href":"https:\/\/old.beauvoirclinic.com\/nl\/wp-json\/wp\/v2\/users\/2"}],"replies":[{"embeddable":true,"href":"https:\/\/old.beauvoirclinic.com\/nl\/wp-json\/wp\/v2\/comments?post=257816"}],"version-history":[{"count":4,"href":"https:\/\/old.beauvoirclinic.com\/nl\/wp-json\/wp\/v2\/pages\/257816\/revisions"}],"predecessor-version":[{"id":257824,"href":"https:\/\/old.beauvoirclinic.com\/nl\/wp-json\/wp\/v2\/pages\/257816\/revisions\/257824"}],"wp:attachment":[{"href":"https:\/\/old.beauvoirclinic.com\/nl\/wp-json\/wp\/v2\/media?parent=257816"}],"curies":[{"name":"wp","href":"https:\/\/api.w.org\/{rel}","templated":true}]}}