{"id":257813,"date":"2025-02-12T10:44:36","date_gmt":"2025-02-12T09:44:36","guid":{"rendered":"https:\/\/old.beauvoirclinic.com\/terms-of-use\/"},"modified":"2025-02-15T08:53:04","modified_gmt":"2025-02-15T07:53:04","slug":"terms-of-use","status":"publish","type":"page","link":"https:\/\/old.beauvoirclinic.com\/en\/terms-of-use\/","title":{"rendered":"Terms of use"},"content":{"rendered":"<p>[et_pb_section fb_built=&#8221;1&#8243; custom_padding_last_edited=&#8221;on|phone&#8221; _builder_version=&#8221;4.27.4&#8243; _module_preset=&#8221;default&#8221; background_color=&#8221;gcid-4f225831-46d8-45b6-a442-095724bfb2f0&#8243; use_background_color_gradient=&#8221;on&#8221; background_color_gradient_stops=&#8221;rgba(33,27,30,0.72) 0%|rgba(0,0,0,0.46) 100%&#8221; background_color_gradient_overlays_image=&#8221;on&#8221; background_enable_image=&#8221;off&#8221; parallax=&#8221;on&#8221; custom_padding=&#8221;30px||40px||false|false&#8221; custom_padding_tablet=&#8221;50px||50px||false|false&#8221; custom_padding_phone=&#8221;20px||10px||false|false&#8221; locked=&#8221;off&#8221; global_colors_info=&#8221;{%22gcid-4f225831-46d8-45b6-a442-095724bfb2f0%22:%91%22background_color%22%93}&#8221;][et_pb_row custom_padding_last_edited=&#8221;on|phone&#8221; _builder_version=&#8221;4.27.2&#8243; _module_preset=&#8221;default&#8221; width_tablet=&#8221;&#8221; width_phone=&#8221;95%&#8221; width_last_edited=&#8221;on|phone&#8221; max_width_tablet=&#8221;&#8221; max_width_phone=&#8221;&#8221; max_width_last_edited=&#8221;on|phone&#8221; custom_padding_tablet=&#8221;&#8221; custom_padding_phone=&#8221;|10px||10px|false|true&#8221; global_colors_info=&#8221;{}&#8221;][et_pb_column type=&#8221;4_4&#8243; _builder_version=&#8221;4.27.2&#8243; _module_preset=&#8221;default&#8221; global_colors_info=&#8221;{}&#8221;][et_pb_text content_tablet=&#8221;<\/p>\n<h1>Hair transplants at<br \/>\nClinique Paris \u00c9toile<\/h1>\n<p>&#8221; content_phone=&#8221;<\/p>\n<h1>Hair transplants at Clinique Paris \u00c9toile<\/h1>\n<p>&#8221; content_last_edited=&#8221;off|desktop&#8221; _builder_version=&#8221;4.27.4&#8243; _module_preset=&#8221;_initial&#8221; text_text_color=&#8221;gcid-heading-color&#8221; link_font=&#8221;|600|||||||solid&#8221; link_text_color=&#8221;gcid-heading-color&#8221; header_font=&#8221;&#8211;et_global_heading_font||||||||&#8221; header_text_align=&#8221;center&#8221; header_text_color=&#8221;#FFFFFF&#8221; header_font_size=&#8221;60px&#8221; header_letter_spacing=&#8221;1px&#8221; header_line_height=&#8221;1.2em&#8221; header_3_text_color=&#8221;gcid-7aac8676-a588-444b-8e5e-5db034c324bf&#8221; custom_margin_tablet=&#8221;&#8221; custom_margin_phone=&#8221;||||false|false&#8221; custom_margin_last_edited=&#8221;on|phone&#8221; custom_padding=&#8221;||||false|false&#8221; custom_padding_tablet=&#8221;||||false|false&#8221; custom_padding_phone=&#8221;||||false|false&#8221; custom_padding_last_edited=&#8221;on|phone&#8221; header_font_size_tablet=&#8221;50px&#8221; header_font_size_phone=&#8221;30px&#8221; header_font_size_last_edited=&#8221;on|phone&#8221; global_colors_info=&#8221;{%22gcid-7aac8676-a588-444b-8e5e-5db034c324bf%22:%91%22header_3_text_color%22,%22link_text_color%22%93,%22gcid-heading-color%22:%91%22text_text_color%22,%22link_text_color%22%93,%22gcid-a6b70620-79f9-44c6-aa4e-5fb633331b50%22:%91%22link_text_color__hover%22%93}&#8221; link_text_color__hover=&#8221;#50a5ff&#8221; link_text_color__hover_enabled=&#8221;on|hover&#8221;]<\/p>\n<h1>Terms of use<\/h1>\n<p>[\/et_pb_text][\/et_pb_column][\/et_pb_row][\/et_pb_section][et_pb_section fb_built=&#8221;1&#8243; admin_label=&#8221;Contact Info&#8221; _builder_version=&#8221;4.27.4&#8243; _module_preset=&#8221;default&#8221; background_color=&#8221;RGBA(255,255,255,0)&#8221; background_enable_image=&#8221;off&#8221; custom_padding=&#8221;30px||60px||false|false&#8221; locked=&#8221;off&#8221; global_colors_info=&#8221;{}&#8221;][et_pb_row use_custom_gutter=&#8221;on&#8221; gutter_width=&#8221;1&#8243; make_equal=&#8221;on&#8221; custom_padding_last_edited=&#8221;on|phone&#8221; _builder_version=&#8221;4.27.4&#8243; _module_preset=&#8221;default&#8221; width_tablet=&#8221;&#8221; width_phone=&#8221;90%&#8221; width_last_edited=&#8221;on|phone&#8221; max_width=&#8221;1200px&#8221; max_width_tablet=&#8221;1400px&#8221; max_width_phone=&#8221;1400px&#8221; max_width_last_edited=&#8221;on|phone&#8221; module_alignment=&#8221;center&#8221; custom_margin=&#8221;14px|auto||auto|false|false&#8221; custom_margin_tablet=&#8221;14px|auto||auto|false|false&#8221; custom_margin_phone=&#8221;0px|auto||auto|false|false&#8221; custom_margin_last_edited=&#8221;on|phone&#8221; custom_padding=&#8221;16px||16px||true|true&#8221; custom_padding_tablet=&#8221;11px|||||&#8221; custom_padding_phone=&#8221;10px||10px||false|false&#8221; custom_css_main_element=&#8221;align-items : flex-start;&#8221; border_radii=&#8221;on|14px|14px|14px|14px&#8221; border_color_all=&#8221;gcid-f9e61126-2621-43d8-86f0-ec1716352d32&#8243; global_colors_info=&#8221;{%22gcid-f9e61126-2621-43d8-86f0-ec1716352d32%22:%91%22border_color_all%22%93}&#8221;][et_pb_column type=&#8221;4_4&#8243; _builder_version=&#8221;4.27.4&#8243; _module_preset=&#8221;default&#8221; global_colors_info=&#8221;{}&#8221;][et_pb_text _builder_version=&#8221;4.27.4&#8243; _module_preset=&#8221;default&#8221; text_font=&#8221;Heebo|300|||||||&#8221; custom_margin=&#8221;5px|||||&#8221; custom_margin_tablet=&#8221;||||false|false&#8221; custom_margin_phone=&#8221;0px||0px||true|false&#8221; custom_margin_last_edited=&#8221;on|phone&#8221; hover_enabled=&#8221;0&#8243; text_font_size_tablet=&#8221;18px&#8221; text_font_size_phone=&#8221;16px&#8221; text_font_size_last_edited=&#8221;on|phone&#8221; header_4_font_size_tablet=&#8221;26px&#8221; header_4_font_size_phone=&#8221;22px&#8221; locked=&#8221;off&#8221; global_colors_info=&#8221;{%22gcid-8ac111ac-7233-4490-96c1-0213e1d72b14%22:%91%22text_text_color%22%93,%22gcid-715b6ee0-f389-4847-b625-ad6eb8121039%22:%91%22header_3_text_color%22,%22header_2_text_color%22%93,%22gcid-1c97989c-1ffb-4241-b2f3-521cea3501be%22:%91%22dsm_modules_readmore_link_color%22%93}&#8221; sticky_enabled=&#8221;0&#8243;]<\/p>\n<h4>1. Company details<\/h4>\n<p>Clinic name: Beauvoir Clinic (trading name of Auly SRL)<br \/>Address: Dr\u00e8ve Richelle 161b, 1410 Waterloo, Belgium<br \/>Email: info@old.beauvoirclinic.com<br \/>Company number: 1019.289.361<\/p>\n<h4>2. Terms and Conditions of Use<\/h4>\n<p>These general conditions of use govern the use of the services offered on the old.beauvoirclinic.com website as well as all the information and content available on this website that Auly SRL makes available to Internet users.<\/p>\n<p><strong>Introduction<\/strong><\/p>\n<p>The mere use and\/or consultation of this Site automatically and unconditionally implies your full and unreserved acceptance of all the present conditions of use. Auly SRL reserves the right to modify these terms of use at any time, without notice or compensation. We therefore advise you to consult them regularly.<\/p>\n<p><strong>Liability<\/strong><\/p>\n<p>Despite the utmost care taken in creating and updating this site, Auly SRL cannot guarantee the accuracy of the information contained therein and declines all responsibility for the content of the site and its use. The information and data contained in the Site are provided for information purposes only. Auly SRL accepts no responsibility for any errors, inaccuracies or omissions in the information provided. In general, Auly SRL cannot be held responsible in the event of technical problems of any nature whatsoever affecting the distribution of its Site. Auly SRL reserves the right to modify, temporarily or permanently interrupt all or part of the Site, without notice or compensation. Auly SRL shall in no event be liable to you or to any third party for any modification, interruption, suspension or deletion of the Site. In the event that links are created by Auly SRL with other sites, Auly SRL cannot be held responsible for the content and existence of these other sites.<\/p>\n<p><strong>Intellectual Property<\/strong><\/p>\n<p>Use of the Site does not confer any intellectual property rights on the user in respect of the content of the Site, which remains the exclusive property of Auly SRL. All texts, photos, videos, data, posters, logos, trademarks and other elements reproduced on the site are reserved and protected by trademark law and\/or copyright and\/or any other applicable intellectual property provisions. As such, you are only authorized to use them for private purposes. Any other use constitutes counterfeiting and\/or infringement of trademark rights and\/or copyright and\/or any other applicable intellectual property provisions. It is therefore forbidden to reproduce, represent, distribute, market, modify or license all or part of any of the elements reproduced on the site and all or part of the site in general, without the prior and express authorization of Auly SRL. Any illicit use of all or part of the Site (piracy, counterfeiting, etc.) may give rise to prosecution in accordance with the laws in force.<\/p>\n<p><strong>Links and Hyperlinks<\/strong><\/p>\n<p>You can establish a link between your own site and the home page of the Auly SRL Site. Any hyperlink between your own site and an internal page of the Site must be expressly authorized in advance by Auly SRL.<\/p>\n<p><strong>Personal data<\/strong><\/p>\n<p>Auly SRL is likely to collect certain personal information about you. This personal data will be processed in accordance with current legislation. In particular:<br \/>&#8211; The information collected by the data controller, in particular the surnames, first names, addresses and telephone numbers that you communicate to us, may be encoded in Auly SRL&#8217;s automated data files.<br \/>&#8211; This data may be used and processed by Auly SRL for the purposes of managing its relations with its Internet users.<br \/>&#8211; This data may also be used by Auly SRL for marketing, public relations and commercial prospecting purposes, unless you object.<br \/>&#8211; Individuals have the right to consult their personal data free of charge, and to have it corrected free of charge if it proves to be incorrect, incomplete or irrelevant. Persons wishing to exercise this right may do so by sending a written, dated and signed request to Auly SRL, together with a copy of both sides of their identity card.<\/p>\n<p><strong>Applicable law &#8211; Disputes<\/strong><\/p>\n<p>The Site is governed by Belgian law. In the event of a dispute, the courts of the district of Nivelles shall have sole jurisdiction.<\/p>\n<p>[\/et_pb_text][\/et_pb_column][\/et_pb_row][\/et_pb_section]<\/p>\n","protected":false},"excerpt":{"rendered":"<p>Terms of use1. Company details Clinic name: Beauvoir Clinic (trading name of Auly SRL)Address: Dr\u00e8ve Richelle 161b, 1410 Waterloo, BelgiumEmail: info@old.beauvoirclinic.comCompany number: 1019.289.361 2. Terms and Conditions of Use These general conditions of use govern the use of the services offered on the old.beauvoirclinic.com website as well as all the information and content available on this website that Auly SRL makes available to Internet users. Introduction The mere use and\/or consultation of this Site automatically and unconditionally implies your full and unreserved acceptance of all the present conditions of use. Auly SRL reserves the right to modify these terms of use at any time, without notice or compensation. We therefore advise you to consult them regularly. Liability Despite the utmost care taken in creating and updating this site, Auly SRL cannot guarantee the accuracy of the information contained therein and declines all responsibility for the content of the site and its use. The information and data contained in the Site are provided for information purposes only. Auly SRL accepts no responsibility for any errors, inaccuracies or omissions in the information provided. In general, Auly SRL cannot be held responsible in the event of technical problems of any nature whatsoever affecting [&hellip;]<\/p>\n","protected":false},"author":2,"featured_media":0,"parent":0,"menu_order":0,"comment_status":"closed","ping_status":"closed","template":"","meta":{"_et_pb_use_builder":"on","_et_pb_old_content":"","_et_gb_content_width":"","content-type":"","footnotes":""},"class_list":["post-257813","page","type-page","status-publish","hentry"],"yoast_head":"<!-- This site is optimized with the Yoast SEO plugin v25.7 - https:\/\/yoast.com\/wordpress\/plugins\/seo\/ -->\n<title>Terms of use - Beauvoir Clinic<\/title>\n<meta name=\"robots\" content=\"noindex, follow, max-snippet:-1, max-image-preview:large, max-video-preview:-1\" \/>\n<meta property=\"og:locale\" content=\"en_US\" \/>\n<meta property=\"og:type\" content=\"article\" \/>\n<meta property=\"og:title\" content=\"Terms of use - Beauvoir Clinic\" \/>\n<meta property=\"og:description\" content=\"Terms of use1. Company details Clinic name: Beauvoir Clinic (trading name of Auly SRL)Address: Dr\u00e8ve Richelle 161b, 1410 Waterloo, BelgiumEmail: info@old.beauvoirclinic.comCompany number: 1019.289.361 2. Terms and Conditions of Use These general conditions of use govern the use of the services offered on the old.beauvoirclinic.com website as well as all the information and content available on this website that Auly SRL makes available to Internet users. Introduction The mere use and\/or consultation of this Site automatically and unconditionally implies your full and unreserved acceptance of all the present conditions of use. Auly SRL reserves the right to modify these terms of use at any time, without notice or compensation. We therefore advise you to consult them regularly. Liability Despite the utmost care taken in creating and updating this site, Auly SRL cannot guarantee the accuracy of the information contained therein and declines all responsibility for the content of the site and its use. The information and data contained in the Site are provided for information purposes only. Auly SRL accepts no responsibility for any errors, inaccuracies or omissions in the information provided. In general, Auly SRL cannot be held responsible in the event of technical problems of any nature whatsoever affecting [&hellip;]\" \/>\n<meta property=\"og:url\" content=\"https:\/\/old.beauvoirclinic.com\/en\/terms-of-use\/\" \/>\n<meta property=\"og:site_name\" content=\"Beauvoir Clinic\" \/>\n<meta property=\"article:publisher\" content=\"https:\/\/facebook.com\/beauvoirclinic\" \/>\n<meta property=\"article:modified_time\" content=\"2025-02-15T07:53:04+00:00\" \/>\n<meta name=\"twitter:card\" content=\"summary_large_image\" \/>\n<meta name=\"twitter:label1\" content=\"Est. reading time\" \/>\n\t<meta name=\"twitter:data1\" content=\"7 minutes\" \/>\n<script type=\"application\/ld+json\" class=\"yoast-schema-graph\">{\"@context\":\"https:\/\/schema.org\",\"@graph\":[{\"@type\":\"WebPage\",\"@id\":\"https:\/\/old.beauvoirclinic.com\/en\/terms-of-use\/\",\"url\":\"https:\/\/old.beauvoirclinic.com\/en\/terms-of-use\/\",\"name\":\"Terms of use - Beauvoir Clinic\",\"isPartOf\":{\"@id\":\"https:\/\/old.beauvoirclinic.com\/en\/#website\"},\"datePublished\":\"2025-02-12T09:44:36+00:00\",\"dateModified\":\"2025-02-15T07:53:04+00:00\",\"breadcrumb\":{\"@id\":\"https:\/\/old.beauvoirclinic.com\/en\/terms-of-use\/#breadcrumb\"},\"inLanguage\":\"en-US\",\"potentialAction\":[{\"@type\":\"ReadAction\",\"target\":[\"https:\/\/old.beauvoirclinic.com\/en\/terms-of-use\/\"]}]},{\"@type\":\"BreadcrumbList\",\"@id\":\"https:\/\/old.beauvoirclinic.com\/en\/terms-of-use\/#breadcrumb\",\"itemListElement\":[{\"@type\":\"ListItem\",\"position\":1,\"name\":\"Accueil\",\"item\":\"https:\/\/old.beauvoirclinic.com\/en\/\"},{\"@type\":\"ListItem\",\"position\":2,\"name\":\"Terms of use\"}]},{\"@type\":\"WebSite\",\"@id\":\"https:\/\/old.beauvoirclinic.com\/en\/#website\",\"url\":\"https:\/\/old.beauvoirclinic.com\/en\/\",\"name\":\"Beauvoir Clinic\",\"description\":\"Beaut\u00e9, Bien-\u00eatre, Long\u00e9vit\u00e9\",\"publisher\":{\"@id\":\"https:\/\/old.beauvoirclinic.com\/en\/#organization\"},\"potentialAction\":[{\"@type\":\"SearchAction\",\"target\":{\"@type\":\"EntryPoint\",\"urlTemplate\":\"https:\/\/old.beauvoirclinic.com\/en\/?s={search_term_string}\"},\"query-input\":{\"@type\":\"PropertyValueSpecification\",\"valueRequired\":true,\"valueName\":\"search_term_string\"}}],\"inLanguage\":\"en-US\"},{\"@type\":\"Organization\",\"@id\":\"https:\/\/old.beauvoirclinic.com\/en\/#organization\",\"name\":\"Beauvoir Clinic\",\"url\":\"https:\/\/old.beauvoirclinic.com\/en\/\",\"logo\":{\"@type\":\"ImageObject\",\"inLanguage\":\"en-US\",\"@id\":\"https:\/\/old.beauvoirclinic.com\/en\/#\/schema\/logo\/image\/\",\"url\":\"https:\/\/old.beauvoirclinic.com\/wp-content\/uploads\/2025\/07\/logo.jpg\",\"contentUrl\":\"https:\/\/old.beauvoirclinic.com\/wp-content\/uploads\/2025\/07\/logo.jpg\",\"width\":1350,\"height\":1080,\"caption\":\"Beauvoir Clinic\"},\"image\":{\"@id\":\"https:\/\/old.beauvoirclinic.com\/en\/#\/schema\/logo\/image\/\"},\"sameAs\":[\"https:\/\/facebook.com\/beauvoirclinic\",\"https:\/\/www.instagram.com\/beauvoir.clinic\",\"https:\/\/linkedin.com\/company\/beauvoirclinic\"]}]}<\/script>\n<!-- \/ Yoast SEO plugin. -->","yoast_head_json":{"title":"Terms of use - Beauvoir Clinic","robots":{"index":"noindex","follow":"follow","max-snippet":"max-snippet:-1","max-image-preview":"max-image-preview:large","max-video-preview":"max-video-preview:-1"},"og_locale":"en_US","og_type":"article","og_title":"Terms of use - Beauvoir Clinic","og_description":"Terms of use1. Company details Clinic name: Beauvoir Clinic (trading name of Auly SRL)Address: Dr\u00e8ve Richelle 161b, 1410 Waterloo, BelgiumEmail: info@old.beauvoirclinic.comCompany number: 1019.289.361 2. Terms and Conditions of Use These general conditions of use govern the use of the services offered on the old.beauvoirclinic.com website as well as all the information and content available on this website that Auly SRL makes available to Internet users. Introduction The mere use and\/or consultation of this Site automatically and unconditionally implies your full and unreserved acceptance of all the present conditions of use. Auly SRL reserves the right to modify these terms of use at any time, without notice or compensation. We therefore advise you to consult them regularly. Liability Despite the utmost care taken in creating and updating this site, Auly SRL cannot guarantee the accuracy of the information contained therein and declines all responsibility for the content of the site and its use. The information and data contained in the Site are provided for information purposes only. Auly SRL accepts no responsibility for any errors, inaccuracies or omissions in the information provided. In general, Auly SRL cannot be held responsible in the event of technical problems of any nature whatsoever affecting [&hellip;]","og_url":"https:\/\/old.beauvoirclinic.com\/en\/terms-of-use\/","og_site_name":"Beauvoir Clinic","article_publisher":"https:\/\/facebook.com\/beauvoirclinic","article_modified_time":"2025-02-15T07:53:04+00:00","twitter_card":"summary_large_image","twitter_misc":{"Est. reading time":"7 minutes"},"schema":{"@context":"https:\/\/schema.org","@graph":[{"@type":"WebPage","@id":"https:\/\/old.beauvoirclinic.com\/en\/terms-of-use\/","url":"https:\/\/old.beauvoirclinic.com\/en\/terms-of-use\/","name":"Terms of use - Beauvoir Clinic","isPartOf":{"@id":"https:\/\/old.beauvoirclinic.com\/en\/#website"},"datePublished":"2025-02-12T09:44:36+00:00","dateModified":"2025-02-15T07:53:04+00:00","breadcrumb":{"@id":"https:\/\/old.beauvoirclinic.com\/en\/terms-of-use\/#breadcrumb"},"inLanguage":"en-US","potentialAction":[{"@type":"ReadAction","target":["https:\/\/old.beauvoirclinic.com\/en\/terms-of-use\/"]}]},{"@type":"BreadcrumbList","@id":"https:\/\/old.beauvoirclinic.com\/en\/terms-of-use\/#breadcrumb","itemListElement":[{"@type":"ListItem","position":1,"name":"Accueil","item":"https:\/\/old.beauvoirclinic.com\/en\/"},{"@type":"ListItem","position":2,"name":"Terms of use"}]},{"@type":"WebSite","@id":"https:\/\/old.beauvoirclinic.com\/en\/#website","url":"https:\/\/old.beauvoirclinic.com\/en\/","name":"Beauvoir Clinic","description":"Beaut\u00e9, Bien-\u00eatre, Long\u00e9vit\u00e9","publisher":{"@id":"https:\/\/old.beauvoirclinic.com\/en\/#organization"},"potentialAction":[{"@type":"SearchAction","target":{"@type":"EntryPoint","urlTemplate":"https:\/\/old.beauvoirclinic.com\/en\/?s={search_term_string}"},"query-input":{"@type":"PropertyValueSpecification","valueRequired":true,"valueName":"search_term_string"}}],"inLanguage":"en-US"},{"@type":"Organization","@id":"https:\/\/old.beauvoirclinic.com\/en\/#organization","name":"Beauvoir Clinic","url":"https:\/\/old.beauvoirclinic.com\/en\/","logo":{"@type":"ImageObject","inLanguage":"en-US","@id":"https:\/\/old.beauvoirclinic.com\/en\/#\/schema\/logo\/image\/","url":"https:\/\/old.beauvoirclinic.com\/wp-content\/uploads\/2025\/07\/logo.jpg","contentUrl":"https:\/\/old.beauvoirclinic.com\/wp-content\/uploads\/2025\/07\/logo.jpg","width":1350,"height":1080,"caption":"Beauvoir Clinic"},"image":{"@id":"https:\/\/old.beauvoirclinic.com\/en\/#\/schema\/logo\/image\/"},"sameAs":["https:\/\/facebook.com\/beauvoirclinic","https:\/\/www.instagram.com\/beauvoir.clinic","https:\/\/linkedin.com\/company\/beauvoirclinic"]}]}},"_links":{"self":[{"href":"https:\/\/old.beauvoirclinic.com\/en\/wp-json\/wp\/v2\/pages\/257813","targetHints":{"allow":["GET"]}}],"collection":[{"href":"https:\/\/old.beauvoirclinic.com\/en\/wp-json\/wp\/v2\/pages"}],"about":[{"href":"https:\/\/old.beauvoirclinic.com\/en\/wp-json\/wp\/v2\/types\/page"}],"author":[{"embeddable":true,"href":"https:\/\/old.beauvoirclinic.com\/en\/wp-json\/wp\/v2\/users\/2"}],"replies":[{"embeddable":true,"href":"https:\/\/old.beauvoirclinic.com\/en\/wp-json\/wp\/v2\/comments?post=257813"}],"version-history":[{"count":6,"href":"https:\/\/old.beauvoirclinic.com\/en\/wp-json\/wp\/v2\/pages\/257813\/revisions"}],"predecessor-version":[{"id":257823,"href":"https:\/\/old.beauvoirclinic.com\/en\/wp-json\/wp\/v2\/pages\/257813\/revisions\/257823"}],"wp:attachment":[{"href":"https:\/\/old.beauvoirclinic.com\/en\/wp-json\/wp\/v2\/media?parent=257813"}],"curies":[{"name":"wp","href":"https:\/\/api.w.org\/{rel}","templated":true}]}}