{"id":257467,"date":"2025-02-11T06:30:14","date_gmt":"2025-02-11T05:30:14","guid":{"rendered":"https:\/\/old.beauvoirclinic.com\/blog\/"},"modified":"2025-02-15T08:51:46","modified_gmt":"2025-02-15T07:51:46","slug":"blog","status":"publish","type":"page","link":"https:\/\/old.beauvoirclinic.com\/en\/blog\/","title":{"rendered":"Blog"},"content":{"rendered":"\n[et_pb_section fb_built=&#8221;1&#8243; custom_padding_last_edited=&#8221;on|phone&#8221; _builder_version=&#8221;4.27.4&#8243; _module_preset=&#8221;default&#8221; use_background_color_gradient=&#8221;on&#8221; background_color_gradient_stops=&#8221;rgba(33,27,30,0.72) 0%|rgba(0,0,0,0.46) 100%&#8221; background_color_gradient_overlays_image=&#8221;on&#8221; background_image=&#8221;https:\/\/old.beauvoirclinic.com\/wp-content\/uploads\/2025\/02\/CEPE_articles.jpg&#8221; parallax=&#8221;on&#8221; custom_padding=&#8221;100px||149px||false|false&#8221; custom_padding_tablet=&#8221;100px||80px||false|false&#8221; custom_padding_phone=&#8221;50px||40px||false|false&#8221; hover_enabled=&#8221;0&#8243; global_colors_info=&#8221;{}&#8221; sticky_enabled=&#8221;0&#8243;][et_pb_row custom_padding_last_edited=&#8221;on|phone&#8221; _builder_version=&#8221;4.27.2&#8243; _module_preset=&#8221;default&#8221; width_tablet=&#8221;&#8221; width_phone=&#8221;95%&#8221; width_last_edited=&#8221;on|phone&#8221; max_width_tablet=&#8221;&#8221; max_width_phone=&#8221;&#8221; max_width_last_edited=&#8221;on|phone&#8221; custom_padding_tablet=&#8221;&#8221; custom_padding_phone=&#8221;|10px||10px|false|true&#8221; global_colors_info=&#8221;{}&#8221;][et_pb_column type=&#8221;4_4&#8243; _builder_version=&#8221;4.27.2&#8243; _module_preset=&#8221;default&#8221; global_colors_info=&#8221;{}&#8221;][et_pb_text content_tablet=&#8221;<h1>Hair transplants at\nClinique Paris \u00c9toile<\/h1>&#8221; content_phone=&#8221;<h1>Hair transplants at Clinique Paris \u00c9toile<\/h1>&#8221; content_last_edited=&#8221;off|desktop&#8221; _builder_version=&#8221;4.27.4&#8243; _module_preset=&#8221;_initial&#8221; text_text_color=&#8221;gcid-heading-color&#8221; link_font=&#8221;|600|||||||solid&#8221; link_text_color=&#8221;gcid-heading-color&#8221; header_font=&#8221;&#8211;et_global_heading_font||||||||&#8221; header_text_align=&#8221;center&#8221; header_text_color=&#8221;#FFFFFF&#8221; header_font_size=&#8221;68px&#8221; header_letter_spacing=&#8221;1px&#8221; header_line_height=&#8221;1.2em&#8221; header_3_text_color=&#8221;gcid-7aac8676-a588-444b-8e5e-5db034c324bf&#8221; custom_margin_tablet=&#8221;&#8221; custom_margin_phone=&#8221;||||false|false&#8221; custom_margin_last_edited=&#8221;on|phone&#8221; custom_padding=&#8221;||||false|false&#8221; custom_padding_tablet=&#8221;||||false|false&#8221; custom_padding_phone=&#8221;||||false|false&#8221; custom_padding_last_edited=&#8221;on|phone&#8221; hover_enabled=&#8221;0&#8243; header_font_size_tablet=&#8221;&#8221; header_font_size_phone=&#8221;40px&#8221; header_font_size_last_edited=&#8221;on|tablet&#8221; global_colors_info=&#8221;{%22gcid-7aac8676-a588-444b-8e5e-5db034c324bf%22:%91%22header_3_text_color%22,%22link_text_color%22%93,%22gcid-heading-color%22:%91%22text_text_color%22,%22link_text_color%22%93,%22gcid-a6b70620-79f9-44c6-aa4e-5fb633331b50%22:%91%22link_text_color__hover%22%93}&#8221; link_text_color__hover=&#8221;#50a5ff&#8221; link_text_color__hover_enabled=&#8221;on|hover&#8221; sticky_enabled=&#8221;0&#8243;]<h1>Articles<\/h1>[\/et_pb_text][\/et_pb_column][\/et_pb_row][\/et_pb_section][et_pb_section fb_built=&#8221;1&#8243; custom_padding_last_edited=&#8221;on|phone&#8221; _builder_version=&#8221;4.27.2&#8243; _module_preset=&#8221;default&#8221; background_color=&#8221;#FFFFFF&#8221; background_enable_image=&#8221;off&#8221; background_size=&#8221;custom&#8221; background_image_width=&#8221;16%&#8221; background_position=&#8221;bottom_right&#8221; background_horizontal_offset=&#8221;-8%&#8221; custom_padding=&#8221;80px||80px||true|false&#8221; custom_padding_tablet=&#8221;0px||||false|false&#8221; custom_padding_phone=&#8221;20px||40px||false|false&#8221; locked=&#8221;off&#8221; global_colors_info=&#8221;{}&#8221;][et_pb_row _builder_version=&#8221;4.27.2&#8243; _module_preset=&#8221;default&#8221; width=&#8221;90%&#8221; max_width=&#8221;90%&#8221; global_colors_info=&#8221;{}&#8221;][et_pb_column type=&#8221;4_4&#8243; _builder_version=&#8221;4.27.2&#8243; _module_preset=&#8221;default&#8221; global_colors_info=&#8221;{}&#8221;][et_pb_blog posts_number=&#8221;9&#8243; include_categories=&#8221;all&#8221; meta_date=&#8221;j M Y&#8221; excerpt_length=&#8221;120&#8243; show_author=&#8221;off&#8221; show_date=&#8221;off&#8221; _builder_version=&#8221;4.27.4&#8243; _module_preset=&#8221;default&#8221; header_font=&#8221;&#8211;et_global_heading_font||||||||&#8221; header_text_color=&#8221;gcid-heading-color&#8221; header_font_size=&#8221;28px&#8221; header_line_height=&#8221;1.3em&#8221; body_font=&#8221;&#8211;et_global_body_font|300|||||||&#8221; meta_font=&#8221;&#8211;et_global_body_font||||||||&#8221; read_more_font=&#8221;||on||||||&#8221; read_more_text_color=&#8221;gcid-primary-color&#8221; read_more_font_size=&#8221;12px&#8221; body_link_text_color=&#8221;gcid-a6b70620-79f9-44c6-aa4e-5fb633331b50&#8243; border_width_all=&#8221;1px&#8221; global_colors_info=&#8221;{%22gcid-primary-color%22:%91%22quote_text_color%22,%22quote_text_color%22,%22read_more_text_color%22%93,%22gcid-heading-color%22:%91%22header_text_color%22%93,%22gcid-a6b70620-79f9-44c6-aa4e-5fb633331b50%22:%91%22body_link_text_color%22%93,%22gcid-secondary-color%22:%91%22meta_text_color%22%93}&#8221;][\/et_pb_blog][\/et_pb_column][\/et_pb_row][\/et_pb_section]\n","protected":false},"excerpt":{"rendered":"<p>Articles<\/p>\n","protected":false},"author":2,"featured_media":0,"parent":0,"menu_order":0,"comment_status":"closed","ping_status":"closed","template":"","meta":{"_et_pb_use_builder":"on","_et_pb_old_content":"","_et_gb_content_width":"","content-type":"","footnotes":""},"class_list":["post-257467","page","type-page","status-publish","hentry"],"yoast_head":"<!-- This site is optimized with the Yoast SEO plugin v25.7 - https:\/\/yoast.com\/wordpress\/plugins\/seo\/ -->\n<title>Blog - Beauvoir Clinic<\/title>\n<meta name=\"robots\" content=\"noindex, follow, max-snippet:-1, max-image-preview:large, max-video-preview:-1\" \/>\n<meta property=\"og:locale\" content=\"en_US\" \/>\n<meta property=\"og:type\" content=\"article\" \/>\n<meta property=\"og:title\" content=\"Blog - Beauvoir Clinic\" \/>\n<meta property=\"og:description\" content=\"Articles\" \/>\n<meta property=\"og:url\" content=\"https:\/\/old.beauvoirclinic.com\/en\/blog\/\" \/>\n<meta property=\"og:site_name\" content=\"Beauvoir Clinic\" \/>\n<meta property=\"article:publisher\" content=\"https:\/\/facebook.com\/beauvoirclinic\" \/>\n<meta property=\"article:modified_time\" content=\"2025-02-15T07:51:46+00:00\" \/>\n<meta name=\"twitter:card\" content=\"summary_large_image\" \/>\n<meta name=\"twitter:label1\" content=\"Est. reading time\" \/>\n\t<meta name=\"twitter:data1\" content=\"3 minutes\" \/>\n<script type=\"application\/ld+json\" class=\"yoast-schema-graph\">{\"@context\":\"https:\/\/schema.org\",\"@graph\":[{\"@type\":\"WebPage\",\"@id\":\"https:\/\/old.beauvoirclinic.com\/en\/blog\/\",\"url\":\"https:\/\/old.beauvoirclinic.com\/en\/blog\/\",\"name\":\"Blog - Beauvoir Clinic\",\"isPartOf\":{\"@id\":\"https:\/\/old.beauvoirclinic.com\/en\/#website\"},\"datePublished\":\"2025-02-11T05:30:14+00:00\",\"dateModified\":\"2025-02-15T07:51:46+00:00\",\"breadcrumb\":{\"@id\":\"https:\/\/old.beauvoirclinic.com\/en\/blog\/#breadcrumb\"},\"inLanguage\":\"en-US\",\"potentialAction\":[{\"@type\":\"ReadAction\",\"target\":[\"https:\/\/old.beauvoirclinic.com\/en\/blog\/\"]}]},{\"@type\":\"BreadcrumbList\",\"@id\":\"https:\/\/old.beauvoirclinic.com\/en\/blog\/#breadcrumb\",\"itemListElement\":[{\"@type\":\"ListItem\",\"position\":1,\"name\":\"Accueil\",\"item\":\"https:\/\/old.beauvoirclinic.com\/en\/\"},{\"@type\":\"ListItem\",\"position\":2,\"name\":\"Blog\"}]},{\"@type\":\"WebSite\",\"@id\":\"https:\/\/old.beauvoirclinic.com\/en\/#website\",\"url\":\"https:\/\/old.beauvoirclinic.com\/en\/\",\"name\":\"Beauvoir Clinic\",\"description\":\"Beaut\u00e9, Bien-\u00eatre, Long\u00e9vit\u00e9\",\"publisher\":{\"@id\":\"https:\/\/old.beauvoirclinic.com\/en\/#organization\"},\"potentialAction\":[{\"@type\":\"SearchAction\",\"target\":{\"@type\":\"EntryPoint\",\"urlTemplate\":\"https:\/\/old.beauvoirclinic.com\/en\/?s={search_term_string}\"},\"query-input\":{\"@type\":\"PropertyValueSpecification\",\"valueRequired\":true,\"valueName\":\"search_term_string\"}}],\"inLanguage\":\"en-US\"},{\"@type\":\"Organization\",\"@id\":\"https:\/\/old.beauvoirclinic.com\/en\/#organization\",\"name\":\"Beauvoir Clinic\",\"url\":\"https:\/\/old.beauvoirclinic.com\/en\/\",\"logo\":{\"@type\":\"ImageObject\",\"inLanguage\":\"en-US\",\"@id\":\"https:\/\/old.beauvoirclinic.com\/en\/#\/schema\/logo\/image\/\",\"url\":\"https:\/\/old.beauvoirclinic.com\/wp-content\/uploads\/2025\/07\/logo.jpg\",\"contentUrl\":\"https:\/\/old.beauvoirclinic.com\/wp-content\/uploads\/2025\/07\/logo.jpg\",\"width\":1350,\"height\":1080,\"caption\":\"Beauvoir Clinic\"},\"image\":{\"@id\":\"https:\/\/old.beauvoirclinic.com\/en\/#\/schema\/logo\/image\/\"},\"sameAs\":[\"https:\/\/facebook.com\/beauvoirclinic\",\"https:\/\/www.instagram.com\/beauvoir.clinic\",\"https:\/\/linkedin.com\/company\/beauvoirclinic\"]}]}<\/script>\n<!-- \/ Yoast SEO plugin. -->","yoast_head_json":{"title":"Blog - Beauvoir Clinic","robots":{"index":"noindex","follow":"follow","max-snippet":"max-snippet:-1","max-image-preview":"max-image-preview:large","max-video-preview":"max-video-preview:-1"},"og_locale":"en_US","og_type":"article","og_title":"Blog - Beauvoir Clinic","og_description":"Articles","og_url":"https:\/\/old.beauvoirclinic.com\/en\/blog\/","og_site_name":"Beauvoir Clinic","article_publisher":"https:\/\/facebook.com\/beauvoirclinic","article_modified_time":"2025-02-15T07:51:46+00:00","twitter_card":"summary_large_image","twitter_misc":{"Est. reading time":"3 minutes"},"schema":{"@context":"https:\/\/schema.org","@graph":[{"@type":"WebPage","@id":"https:\/\/old.beauvoirclinic.com\/en\/blog\/","url":"https:\/\/old.beauvoirclinic.com\/en\/blog\/","name":"Blog - Beauvoir Clinic","isPartOf":{"@id":"https:\/\/old.beauvoirclinic.com\/en\/#website"},"datePublished":"2025-02-11T05:30:14+00:00","dateModified":"2025-02-15T07:51:46+00:00","breadcrumb":{"@id":"https:\/\/old.beauvoirclinic.com\/en\/blog\/#breadcrumb"},"inLanguage":"en-US","potentialAction":[{"@type":"ReadAction","target":["https:\/\/old.beauvoirclinic.com\/en\/blog\/"]}]},{"@type":"BreadcrumbList","@id":"https:\/\/old.beauvoirclinic.com\/en\/blog\/#breadcrumb","itemListElement":[{"@type":"ListItem","position":1,"name":"Accueil","item":"https:\/\/old.beauvoirclinic.com\/en\/"},{"@type":"ListItem","position":2,"name":"Blog"}]},{"@type":"WebSite","@id":"https:\/\/old.beauvoirclinic.com\/en\/#website","url":"https:\/\/old.beauvoirclinic.com\/en\/","name":"Beauvoir Clinic","description":"Beaut\u00e9, Bien-\u00eatre, Long\u00e9vit\u00e9","publisher":{"@id":"https:\/\/old.beauvoirclinic.com\/en\/#organization"},"potentialAction":[{"@type":"SearchAction","target":{"@type":"EntryPoint","urlTemplate":"https:\/\/old.beauvoirclinic.com\/en\/?s={search_term_string}"},"query-input":{"@type":"PropertyValueSpecification","valueRequired":true,"valueName":"search_term_string"}}],"inLanguage":"en-US"},{"@type":"Organization","@id":"https:\/\/old.beauvoirclinic.com\/en\/#organization","name":"Beauvoir Clinic","url":"https:\/\/old.beauvoirclinic.com\/en\/","logo":{"@type":"ImageObject","inLanguage":"en-US","@id":"https:\/\/old.beauvoirclinic.com\/en\/#\/schema\/logo\/image\/","url":"https:\/\/old.beauvoirclinic.com\/wp-content\/uploads\/2025\/07\/logo.jpg","contentUrl":"https:\/\/old.beauvoirclinic.com\/wp-content\/uploads\/2025\/07\/logo.jpg","width":1350,"height":1080,"caption":"Beauvoir Clinic"},"image":{"@id":"https:\/\/old.beauvoirclinic.com\/en\/#\/schema\/logo\/image\/"},"sameAs":["https:\/\/facebook.com\/beauvoirclinic","https:\/\/www.instagram.com\/beauvoir.clinic","https:\/\/linkedin.com\/company\/beauvoirclinic"]}]}},"_links":{"self":[{"href":"https:\/\/old.beauvoirclinic.com\/en\/wp-json\/wp\/v2\/pages\/257467","targetHints":{"allow":["GET"]}}],"collection":[{"href":"https:\/\/old.beauvoirclinic.com\/en\/wp-json\/wp\/v2\/pages"}],"about":[{"href":"https:\/\/old.beauvoirclinic.com\/en\/wp-json\/wp\/v2\/types\/page"}],"author":[{"embeddable":true,"href":"https:\/\/old.beauvoirclinic.com\/en\/wp-json\/wp\/v2\/users\/2"}],"replies":[{"embeddable":true,"href":"https:\/\/old.beauvoirclinic.com\/en\/wp-json\/wp\/v2\/comments?post=257467"}],"version-history":[{"count":1,"href":"https:\/\/old.beauvoirclinic.com\/en\/wp-json\/wp\/v2\/pages\/257467\/revisions"}],"predecessor-version":[{"id":257468,"href":"https:\/\/old.beauvoirclinic.com\/en\/wp-json\/wp\/v2\/pages\/257467\/revisions\/257468"}],"wp:attachment":[{"href":"https:\/\/old.beauvoirclinic.com\/en\/wp-json\/wp\/v2\/media?parent=257467"}],"curies":[{"name":"wp","href":"https:\/\/api.w.org\/{rel}","templated":true}]}}