{"id":257460,"date":"2025-02-11T09:18:36","date_gmt":"2025-02-11T08:18:36","guid":{"rendered":"https:\/\/old.beauvoirclinic.com\/amelie-crommelinck\/"},"modified":"2025-02-15T08:51:48","modified_gmt":"2025-02-15T07:51:48","slug":"amelie-crommelinck","status":"publish","type":"page","link":"https:\/\/old.beauvoirclinic.com\/en\/team\/amelie-crommelinck\/","title":{"rendered":"Am\u00e9lie Crommelinck"},"content":{"rendered":"<p>[et_pb_section fb_built=&#8221;1&#8243; custom_padding_last_edited=&#8221;on|phone&#8221; _builder_version=&#8221;4.27.4&#8243; _module_preset=&#8221;default&#8221; background_color=&#8221;gcid-4f225831-46d8-45b6-a442-095724bfb2f0&#8243; use_background_color_gradient=&#8221;on&#8221; background_color_gradient_stops=&#8221;rgba(33,27,30,0.72) 0%|rgba(0,0,0,0.46) 100%&#8221; background_color_gradient_overlays_image=&#8221;on&#8221; background_enable_image=&#8221;off&#8221; parallax=&#8221;on&#8221; custom_padding=&#8221;30px||40px||false|false&#8221; custom_padding_tablet=&#8221;50px||50px||false|false&#8221; custom_padding_phone=&#8221;20px||10px||false|false&#8221; locked=&#8221;off&#8221; global_colors_info=&#8221;{%22gcid-4f225831-46d8-45b6-a442-095724bfb2f0%22:%91%22background_color%22%93}&#8221;][et_pb_row custom_padding_last_edited=&#8221;on|phone&#8221; _builder_version=&#8221;4.27.2&#8243; _module_preset=&#8221;default&#8221; width_tablet=&#8221;&#8221; width_phone=&#8221;95%&#8221; width_last_edited=&#8221;on|phone&#8221; max_width_tablet=&#8221;&#8221; max_width_phone=&#8221;&#8221; max_width_last_edited=&#8221;on|phone&#8221; custom_padding_tablet=&#8221;&#8221; custom_padding_phone=&#8221;|10px||10px|false|true&#8221; global_colors_info=&#8221;{}&#8221;][et_pb_column type=&#8221;4_4&#8243; _builder_version=&#8221;4.27.2&#8243; _module_preset=&#8221;default&#8221; global_colors_info=&#8221;{}&#8221;][et_pb_text content_tablet=&#8221;<\/p>\n<h1>Hair transplants at<br \/>\nClinique Paris \u00c9toile<\/h1>\n<p>&#8221; content_phone=&#8221;<\/p>\n<h1>Hair transplants at Clinique Paris \u00c9toile<\/h1>\n<p>&#8221; content_last_edited=&#8221;off|desktop&#8221; _builder_version=&#8221;4.27.4&#8243; _module_preset=&#8221;_initial&#8221; text_text_color=&#8221;gcid-heading-color&#8221; link_font=&#8221;|600|||||||solid&#8221; link_text_color=&#8221;gcid-heading-color&#8221; header_font=&#8221;&#8211;et_global_heading_font||||||||&#8221; header_text_align=&#8221;center&#8221; header_text_color=&#8221;#FFFFFF&#8221; header_font_size=&#8221;60px&#8221; header_letter_spacing=&#8221;1px&#8221; header_line_height=&#8221;1.2em&#8221; header_3_text_color=&#8221;gcid-7aac8676-a588-444b-8e5e-5db034c324bf&#8221; custom_margin_tablet=&#8221;&#8221; custom_margin_phone=&#8221;||||false|false&#8221; custom_margin_last_edited=&#8221;on|phone&#8221; custom_padding=&#8221;||||false|false&#8221; custom_padding_tablet=&#8221;||||false|false&#8221; custom_padding_phone=&#8221;||||false|false&#8221; custom_padding_last_edited=&#8221;on|phone&#8221; hover_enabled=&#8221;0&#8243; header_font_size_tablet=&#8221;50px&#8221; header_font_size_phone=&#8221;30px&#8221; header_font_size_last_edited=&#8221;on|phone&#8221; global_colors_info=&#8221;{%22gcid-7aac8676-a588-444b-8e5e-5db034c324bf%22:%91%22header_3_text_color%22,%22link_text_color%22%93,%22gcid-heading-color%22:%91%22text_text_color%22,%22link_text_color%22%93,%22gcid-a6b70620-79f9-44c6-aa4e-5fb633331b50%22:%91%22link_text_color__hover%22%93}&#8221; link_text_color__hover=&#8221;#50a5ff&#8221; link_text_color__hover_enabled=&#8221;on|hover&#8221; sticky_enabled=&#8221;0&#8243;]<\/p>\n<h1>Am\u00e9lie Crommelinck<\/h1>\n<p>[\/et_pb_text][\/et_pb_column][\/et_pb_row][\/et_pb_section][et_pb_section fb_built=&#8221;1&#8243; admin_label=&#8221;Contact Info&#8221; _builder_version=&#8221;4.27.4&#8243; _module_preset=&#8221;default&#8221; background_color=&#8221;RGBA(255,255,255,0)&#8221; background_enable_image=&#8221;off&#8221; custom_padding=&#8221;30px||60px||false|false&#8221; locked=&#8221;off&#8221; global_colors_info=&#8221;{}&#8221;][et_pb_row column_structure=&#8221;1_4,3_4&#8243; use_custom_gutter=&#8221;on&#8221; gutter_width=&#8221;1&#8243; make_equal=&#8221;on&#8221; custom_padding_last_edited=&#8221;on|phone&#8221; _builder_version=&#8221;4.27.4&#8243; _module_preset=&#8221;default&#8221; width_tablet=&#8221;&#8221; width_phone=&#8221;90%&#8221; width_last_edited=&#8221;on|phone&#8221; max_width=&#8221;1200px&#8221; max_width_tablet=&#8221;1400px&#8221; max_width_phone=&#8221;1400px&#8221; max_width_last_edited=&#8221;on|phone&#8221; module_alignment=&#8221;center&#8221; custom_margin=&#8221;14px|auto||auto|false|false&#8221; custom_margin_tablet=&#8221;14px|auto||auto|false|false&#8221; custom_margin_phone=&#8221;0px|auto||auto|false|false&#8221; custom_margin_last_edited=&#8221;on|phone&#8221; custom_padding=&#8221;16px||16px||true|true&#8221; custom_padding_tablet=&#8221;11px|||||&#8221; custom_padding_phone=&#8221;10px||10px||false|false&#8221; custom_css_main_element=&#8221;align-items : flex-start;&#8221; border_radii=&#8221;on|14px|14px|14px|14px&#8221; border_color_all=&#8221;gcid-f9e61126-2621-43d8-86f0-ec1716352d32&#8243; global_colors_info=&#8221;{%22gcid-f9e61126-2621-43d8-86f0-ec1716352d32%22:%91%22border_color_all%22%93}&#8221;][et_pb_column type=&#8221;1_4&#8243; _builder_version=&#8221;4.27.4&#8243; _module_preset=&#8221;default&#8221; background_enable_image=&#8221;off&#8221; global_colors_info=&#8221;{}&#8221;][et_pb_image src=&#8221;https:\/\/old.beauvoirclinic.com\/wp-content\/uploads\/2025\/02\/Beauvoir_Amelie-Crommelinck.jpg&#8221; alt=&#8221;Docteur-Paul-Pittaluga&#8221; title_text=&#8221;Screenshot&#8221; align_tablet=&#8221;&#8221; align_phone=&#8221;center&#8221; align_last_edited=&#8221;on|phone&#8221; _builder_version=&#8221;4.27.4&#8243; width=&#8221;88%&#8221; width_tablet=&#8221;85%&#8221; width_phone=&#8221;70%&#8221; width_last_edited=&#8221;on|phone&#8221; custom_margin=&#8221;||||false|false&#8221; custom_padding=&#8221;||||false|false&#8221; animation_direction=&#8221;right&#8221; sticky_limit_bottom=&#8221;row&#8221; scroll_vertical_motion=&#8221;0|50|50|100|1|0|-1&#8243; hover_enabled=&#8221;0&#8243; border_radii=&#8221;on|14px|14px|14px|14px&#8221; always_center_on_mobile=&#8221;off&#8221; locked=&#8221;off&#8221; global_colors_info=&#8221;{%22gcid-2fcb6599-508b-483c-b427-39d20278a8fa%22:%91%22box_shadow_color%22,%22box_shadow_color%22,%22box_shadow_color%22%93}&#8221; custom_margin__sticky_enabled=&#8221;off|desktop&#8221; custom_margin__sticky=&#8221;20px||||false|false&#8221; sticky_enabled=&#8221;0&#8243;][\/et_pb_image][\/et_pb_column][et_pb_column type=&#8221;3_4&#8243; _builder_version=&#8221;4.27.4&#8243; _module_preset=&#8221;default&#8221; global_colors_info=&#8221;{}&#8221;][et_pb_text _builder_version=&#8221;4.27.4&#8243; _module_preset=&#8221;default&#8221; header_2_font=&#8221;EB Garamond||||||||&#8221; header_2_font_size=&#8221;48px&#8221; header_2_line_height=&#8221;1.3em&#8221; header_3_font=&#8221;|300|||||||&#8221; header_3_text_align=&#8221;left&#8221; header_3_text_color=&#8221;gcid-primary-color&#8221; header_3_font_size=&#8221;35px&#8221; header_3_line_height=&#8221;1.3em&#8221; header_4_font_size=&#8221;16px&#8221; header_4_line_height=&#8221;1.4em&#8221; custom_margin=&#8221;||0px||false|false&#8221; custom_margin_tablet=&#8221;20px||||false|false&#8221; custom_margin_phone=&#8221;20px||||false|false&#8221; custom_margin_last_edited=&#8221;on|tablet&#8221; custom_padding=&#8221;||0px||false|false&#8221; hover_enabled=&#8221;0&#8243; header_2_font_size_tablet=&#8221;34px&#8221; header_2_font_size_phone=&#8221;22px&#8221; header_3_text_align_tablet=&#8221;left&#8221; header_3_text_align_phone=&#8221;left&#8221; header_3_text_align_last_edited=&#8221;on|phone&#8221; header_3_font_size_tablet=&#8221;34px&#8221; header_3_font_size_phone=&#8221;24px&#8221; header_4_line_height_tablet=&#8221;1.4em&#8221; header_4_line_height_phone=&#8221;1.4em&#8221; header_4_line_height_last_edited=&#8221;on|phone&#8221; animation_duration_tablet=&#8221;1300ms&#8221; animation_duration_phone=&#8221;900ms&#8221; animation_duration_last_edited=&#8221;on|phone&#8221; animation_delay_tablet=&#8221;300ms&#8221; animation_delay_phone=&#8221;0ms&#8221; animation_delay_last_edited=&#8221;on|phone&#8221; locked=&#8221;off&#8221; global_colors_info=&#8221;{%22gcid-primary-color%22:%91%22quote_text_color%22,%22header_3_text_color%22%93,%22gcid-715b6ee0-f389-4847-b625-ad6eb8121039%22:%91%22header_2_text_color%22,%22header_2_text_color%22,%22header_2_text_color%22,%22header_2_text_color%22,%22header_2_text_color%22,%22header_2_text_color%22,%22header_2_text_color%22,%22header_2_text_color%22,%22header_2_text_color%22,%22header_2_text_color%22,%22header_2_text_color%22,%22header_2_text_color%22,%22header_2_text_color%22,%22header_2_text_color%22,%22header_2_text_color%22,%22header_2_text_color%22%93}&#8221; sticky_enabled=&#8221;0&#8243;]<\/p>\n<h3>Am\u00e9lie Crommelinck<\/h3>\n<p>[\/et_pb_text][et_pb_text _builder_version=&#8221;4.27.4&#8243; _module_preset=&#8221;default&#8221; header_2_font=&#8221;EB Garamond||||||||&#8221; header_2_font_size=&#8221;48px&#8221; header_2_line_height=&#8221;1.3em&#8221; header_3_font=&#8221;Filson Soft Book|300|||||||&#8221; header_3_text_color=&#8221;gcid-390b9b3b-0b3a-406e-9f6c-f5c0719c7458&#8243; header_3_font_size=&#8221;26px&#8221; header_3_line_height=&#8221;1.3em&#8221; header_4_font=&#8221;&#8211;et_global_body_font||||||||&#8221; header_4_text_align=&#8221;left&#8221; header_4_font_size=&#8221;15px&#8221; header_4_line_height=&#8221;1.4em&#8221; custom_margin=&#8221;-8px||0px||false|false&#8221; hover_enabled=&#8221;0&#8243; header_2_font_size_tablet=&#8221;34px&#8221; header_2_font_size_phone=&#8221;22px&#8221; header_3_font_size_tablet=&#8221;34px&#8221; header_3_font_size_phone=&#8221;25px&#8221; header_4_text_align_tablet=&#8221;left&#8221; header_4_text_align_phone=&#8221;center&#8221; header_4_text_align_last_edited=&#8221;on|phone&#8221; header_4_font_size_tablet=&#8221;15px&#8221; header_4_font_size_phone=&#8221;14px&#8221; header_4_line_height_tablet=&#8221;1.4em&#8221; header_4_line_height_phone=&#8221;1.3em&#8221; header_4_line_height_last_edited=&#8221;on|phone&#8221; animation_duration_tablet=&#8221;1300ms&#8221; animation_duration_phone=&#8221;900ms&#8221; animation_duration_last_edited=&#8221;on|phone&#8221; animation_delay_tablet=&#8221;300ms&#8221; animation_delay_phone=&#8221;0ms&#8221; animation_delay_last_edited=&#8221;on|phone&#8221; locked=&#8221;off&#8221; global_colors_info=&#8221;{%22gcid-715b6ee0-f389-4847-b625-ad6eb8121039%22:%91%22header_2_text_color%22,%22header_2_text_color%22,%22header_2_text_color%22,%22header_2_text_color%22,%22header_2_text_color%22,%22header_2_text_color%22,%22header_2_text_color%22,%22header_2_text_color%22,%22header_2_text_color%22,%22header_2_text_color%22,%22header_2_text_color%22,%22header_2_text_color%22,%22header_2_text_color%22,%22header_2_text_color%22,%22header_2_text_color%22,%22header_2_text_color%22%93,%22gcid-390b9b3b-0b3a-406e-9f6c-f5c0719c7458%22:%91%22header_3_text_color%22,%22header_3_text_color%22%93}&#8221; sticky_enabled=&#8221;0&#8243;]<\/p>\n<p>Nurse assistant to Dr Lafosse<\/p>\n<p>[\/et_pb_text][et_pb_divider color=&#8221;gcid-1c97989c-1ffb-4241-b2f3-521cea3501be&#8221; _builder_version=&#8221;4.27.2&#8243; _module_preset=&#8221;default&#8221; module_alignment=&#8221;left&#8221; global_colors_info=&#8221;{%22gcid-1c97989c-1ffb-4241-b2f3-521cea3501be%22:%91%22color%22%93}&#8221;][\/et_pb_divider][et_pb_text _builder_version=&#8221;4.27.4&#8243; _module_preset=&#8221;default&#8221; text_font=&#8221;Heebo|300|||||||&#8221; custom_margin=&#8221;5px|||||&#8221; custom_margin_tablet=&#8221;||||false|false&#8221; custom_margin_phone=&#8221;0px||0px||true|false&#8221; custom_margin_last_edited=&#8221;on|phone&#8221; hover_enabled=&#8221;0&#8243; text_font_size_tablet=&#8221;18px&#8221; text_font_size_phone=&#8221;16px&#8221; text_font_size_last_edited=&#8221;on|phone&#8221; header_4_font_size_tablet=&#8221;26px&#8221; header_4_font_size_phone=&#8221;22px&#8221; locked=&#8221;off&#8221; global_colors_info=&#8221;{%22gcid-8ac111ac-7233-4490-96c1-0213e1d72b14%22:%91%22text_text_color%22%93,%22gcid-715b6ee0-f389-4847-b625-ad6eb8121039%22:%91%22header_3_text_color%22,%22header_2_text_color%22%93,%22gcid-1c97989c-1ffb-4241-b2f3-521cea3501be%22:%91%22dsm_modules_readmore_link_color%22%93}&#8221; sticky_enabled=&#8221;0&#8243;]<\/p>\n<p>Am\u00e9lie provides a warm and attentive welcome, ensuring that every patient feels listened to and supported throughout their treatment.<\/p>\n<h4>Training and Certification<\/h4>\n<p>Am\u00e9lie&#8217;s atypical background is characterized by an insatiable curiosity for new experiences. With 16 years&#8217; experience as an academic midwife &#8211; a profession she continues to practise part-time &#8211; she manages to combine her passion for patient well-being with diverse experience in other fields.<\/p>\n<h4>Professional Experience<\/h4>\n<p>She currently works closely with Dr. Aurore Lafosse, forming a team dedicated to patient health and satisfaction. At the practice, Am\u00e9lie provides a warm and attentive welcome, ensuring that every patient feels listened to and supported throughout their treatment.<\/p>\n<p>She is also responsible for the organization of the practice, ensuring that consultations and treatments run smoothly. Her role includes the management of post-operative and aesthetic care, offering continuity of high-quality care and in-depth expertise developed over many years. Am\u00e9lie combines her nursing and aesthetic skills with Dr. Lafosse&#8217;s expertise, providing a complete and personalized approach for each patient.[\/et_pb_text][et_pb_button button_url=&#8221;@ET-DC@eyJkeW5hbWljIjp0cnVlLCJjb250ZW50IjoicG9zdF9saW5rX3VybF9wYWdlIiwic2V0dGluZ3MiOnsicG9zdF9pZCI6IjI1Njk3NyIsImVuYWJsZV9odG1sIjoib2ZmIn19@&#8221; button_text=&#8221;The whole team&#8221; button_alignment=&#8221;left&#8221; _builder_version=&#8221;4.27.4&#8243; _dynamic_attributes=&#8221;button_url&#8221; _module_preset=&#8221;default&#8221; button_text_size=&#8221;12px&#8221; button_border_radius=&#8221;2px&#8221; button_letter_spacing=&#8221;2px&#8221; button_font=&#8221;&#8211;et_global_body_font|||on|||||&#8221; button_use_icon=&#8221;off&#8221; custom_margin=&#8221;40px||||false|false&#8221; custom_padding=&#8221;12px|25px|12px|25px|true|true&#8221; locked=&#8221;off&#8221; global_colors_info=&#8221;{%22gcid-primary-color%22:%91%22button_bg_color%22%93,%22gcid-f0ea3984-34c6-490b-8ec9-14422edca868%22:%91%22button_text_color__hover%22%93,%22gcid-secondary-color%22:%91%22button_bg_color__hover%22,%22button_border_color__hover%22%93}&#8221; button_bg_color__hover_enabled=&#8221;on|hover&#8221; button_bg_color__hover=&#8221;#122c34&#8243; button_border_color__hover_enabled=&#8221;on|hover&#8221; button_border_color__hover=&#8221;#122c34&#8243; button_text_color__hover_enabled=&#8221;on|hover&#8221; button_text_color__hover=&#8221;#ffffff&#8221;][\/et_pb_button][\/et_pb_column][\/et_pb_row][\/et_pb_section]<\/p>\n","protected":false},"excerpt":{"rendered":"<p>Am\u00e9lie CrommelinckAm\u00e9lie CrommelinckNurse assistant to Dr LafosseAm\u00e9lie provides a warm and attentive welcome, ensuring that every patient feels listened to and supported throughout their treatment. Training and Certification Am\u00e9lie&#8217;s atypical background is characterized by an insatiable curiosity for new experiences. With 16 years&#8217; experience as an academic midwife &#8211; a profession she continues to practise part-time &#8211; she manages to combine her passion for patient well-being with diverse experience in other fields. Professional Experience She currently works closely with Dr. Aurore Lafosse, forming a team dedicated to patient health and satisfaction. At the practice, Am\u00e9lie provides a warm and attentive welcome, ensuring that every patient feels listened to and supported throughout their treatment. She is also responsible for the organization of the practice, ensuring that consultations and treatments run smoothly. Her role includes the management of post-operative and aesthetic care, offering continuity of high-quality care and in-depth expertise developed over many years. Am\u00e9lie combines her nursing and aesthetic skills with Dr. Lafosse&#8217;s expertise, providing a complete and personalized approach for each patient.<\/p>\n","protected":false},"author":2,"featured_media":0,"parent":257475,"menu_order":0,"comment_status":"closed","ping_status":"closed","template":"","meta":{"_et_pb_use_builder":"on","_et_pb_old_content":"","_et_gb_content_width":"","content-type":"","footnotes":""},"class_list":["post-257460","page","type-page","status-publish","hentry"],"yoast_head":"<!-- This site is optimized with the Yoast SEO plugin v25.7 - https:\/\/yoast.com\/wordpress\/plugins\/seo\/ -->\n<title>Am\u00e9lie Crommelinck - Beauvoir Clinic<\/title>\n<meta name=\"robots\" content=\"noindex, follow, max-snippet:-1, max-image-preview:large, max-video-preview:-1\" \/>\n<meta property=\"og:locale\" content=\"en_US\" \/>\n<meta property=\"og:type\" content=\"article\" \/>\n<meta property=\"og:title\" content=\"Am\u00e9lie Crommelinck - Beauvoir Clinic\" \/>\n<meta property=\"og:description\" content=\"Am\u00e9lie CrommelinckAm\u00e9lie CrommelinckNurse assistant to Dr LafosseAm\u00e9lie provides a warm and attentive welcome, ensuring that every patient feels listened to and supported throughout their treatment. Training and Certification Am\u00e9lie&#039;s atypical background is characterized by an insatiable curiosity for new experiences. With 16 years&#039; experience as an academic midwife - a profession she continues to practise part-time - she manages to combine her passion for patient well-being with diverse experience in other fields. Professional Experience She currently works closely with Dr. Aurore Lafosse, forming a team dedicated to patient health and satisfaction. At the practice, Am\u00e9lie provides a warm and attentive welcome, ensuring that every patient feels listened to and supported throughout their treatment. She is also responsible for the organization of the practice, ensuring that consultations and treatments run smoothly. Her role includes the management of post-operative and aesthetic care, offering continuity of high-quality care and in-depth expertise developed over many years. Am\u00e9lie combines her nursing and aesthetic skills with Dr. Lafosse&#039;s expertise, providing a complete and personalized approach for each patient.\" \/>\n<meta property=\"og:url\" content=\"https:\/\/old.beauvoirclinic.com\/en\/team\/amelie-crommelinck\/\" \/>\n<meta property=\"og:site_name\" content=\"Beauvoir Clinic\" \/>\n<meta property=\"article:publisher\" content=\"https:\/\/facebook.com\/beauvoirclinic\" \/>\n<meta property=\"article:modified_time\" content=\"2025-02-15T07:51:48+00:00\" \/>\n<meta name=\"twitter:card\" content=\"summary_large_image\" \/>\n<meta name=\"twitter:label1\" content=\"Est. reading time\" \/>\n\t<meta name=\"twitter:data1\" content=\"8 minutes\" \/>\n<script type=\"application\/ld+json\" class=\"yoast-schema-graph\">{\"@context\":\"https:\/\/schema.org\",\"@graph\":[{\"@type\":\"WebPage\",\"@id\":\"https:\/\/old.beauvoirclinic.com\/en\/team\/amelie-crommelinck\/\",\"url\":\"https:\/\/old.beauvoirclinic.com\/en\/team\/amelie-crommelinck\/\",\"name\":\"Am\u00e9lie Crommelinck - Beauvoir Clinic\",\"isPartOf\":{\"@id\":\"https:\/\/old.beauvoirclinic.com\/en\/#website\"},\"datePublished\":\"2025-02-11T08:18:36+00:00\",\"dateModified\":\"2025-02-15T07:51:48+00:00\",\"breadcrumb\":{\"@id\":\"https:\/\/old.beauvoirclinic.com\/en\/team\/amelie-crommelinck\/#breadcrumb\"},\"inLanguage\":\"en-US\",\"potentialAction\":[{\"@type\":\"ReadAction\",\"target\":[\"https:\/\/old.beauvoirclinic.com\/en\/team\/amelie-crommelinck\/\"]}]},{\"@type\":\"BreadcrumbList\",\"@id\":\"https:\/\/old.beauvoirclinic.com\/en\/team\/amelie-crommelinck\/#breadcrumb\",\"itemListElement\":[{\"@type\":\"ListItem\",\"position\":1,\"name\":\"Accueil\",\"item\":\"https:\/\/old.beauvoirclinic.com\/en\/\"},{\"@type\":\"ListItem\",\"position\":2,\"name\":\"Team\",\"item\":\"https:\/\/old.beauvoirclinic.com\/en\/team\/\"},{\"@type\":\"ListItem\",\"position\":3,\"name\":\"Am\u00e9lie Crommelinck\"}]},{\"@type\":\"WebSite\",\"@id\":\"https:\/\/old.beauvoirclinic.com\/en\/#website\",\"url\":\"https:\/\/old.beauvoirclinic.com\/en\/\",\"name\":\"Beauvoir Clinic\",\"description\":\"Beaut\u00e9, Bien-\u00eatre, Long\u00e9vit\u00e9\",\"publisher\":{\"@id\":\"https:\/\/old.beauvoirclinic.com\/en\/#organization\"},\"potentialAction\":[{\"@type\":\"SearchAction\",\"target\":{\"@type\":\"EntryPoint\",\"urlTemplate\":\"https:\/\/old.beauvoirclinic.com\/en\/?s={search_term_string}\"},\"query-input\":{\"@type\":\"PropertyValueSpecification\",\"valueRequired\":true,\"valueName\":\"search_term_string\"}}],\"inLanguage\":\"en-US\"},{\"@type\":\"Organization\",\"@id\":\"https:\/\/old.beauvoirclinic.com\/en\/#organization\",\"name\":\"Beauvoir Clinic\",\"url\":\"https:\/\/old.beauvoirclinic.com\/en\/\",\"logo\":{\"@type\":\"ImageObject\",\"inLanguage\":\"en-US\",\"@id\":\"https:\/\/old.beauvoirclinic.com\/en\/#\/schema\/logo\/image\/\",\"url\":\"https:\/\/old.beauvoirclinic.com\/wp-content\/uploads\/2025\/07\/logo.jpg\",\"contentUrl\":\"https:\/\/old.beauvoirclinic.com\/wp-content\/uploads\/2025\/07\/logo.jpg\",\"width\":1350,\"height\":1080,\"caption\":\"Beauvoir Clinic\"},\"image\":{\"@id\":\"https:\/\/old.beauvoirclinic.com\/en\/#\/schema\/logo\/image\/\"},\"sameAs\":[\"https:\/\/facebook.com\/beauvoirclinic\",\"https:\/\/www.instagram.com\/beauvoir.clinic\",\"https:\/\/linkedin.com\/company\/beauvoirclinic\"]}]}<\/script>\n<!-- \/ Yoast SEO plugin. -->","yoast_head_json":{"title":"Am\u00e9lie Crommelinck - Beauvoir Clinic","robots":{"index":"noindex","follow":"follow","max-snippet":"max-snippet:-1","max-image-preview":"max-image-preview:large","max-video-preview":"max-video-preview:-1"},"og_locale":"en_US","og_type":"article","og_title":"Am\u00e9lie Crommelinck - Beauvoir Clinic","og_description":"Am\u00e9lie CrommelinckAm\u00e9lie CrommelinckNurse assistant to Dr LafosseAm\u00e9lie provides a warm and attentive welcome, ensuring that every patient feels listened to and supported throughout their treatment. Training and Certification Am\u00e9lie's atypical background is characterized by an insatiable curiosity for new experiences. With 16 years' experience as an academic midwife - a profession she continues to practise part-time - she manages to combine her passion for patient well-being with diverse experience in other fields. Professional Experience She currently works closely with Dr. Aurore Lafosse, forming a team dedicated to patient health and satisfaction. At the practice, Am\u00e9lie provides a warm and attentive welcome, ensuring that every patient feels listened to and supported throughout their treatment. She is also responsible for the organization of the practice, ensuring that consultations and treatments run smoothly. Her role includes the management of post-operative and aesthetic care, offering continuity of high-quality care and in-depth expertise developed over many years. Am\u00e9lie combines her nursing and aesthetic skills with Dr. Lafosse's expertise, providing a complete and personalized approach for each patient.","og_url":"https:\/\/old.beauvoirclinic.com\/en\/team\/amelie-crommelinck\/","og_site_name":"Beauvoir Clinic","article_publisher":"https:\/\/facebook.com\/beauvoirclinic","article_modified_time":"2025-02-15T07:51:48+00:00","twitter_card":"summary_large_image","twitter_misc":{"Est. reading time":"8 minutes"},"schema":{"@context":"https:\/\/schema.org","@graph":[{"@type":"WebPage","@id":"https:\/\/old.beauvoirclinic.com\/en\/team\/amelie-crommelinck\/","url":"https:\/\/old.beauvoirclinic.com\/en\/team\/amelie-crommelinck\/","name":"Am\u00e9lie Crommelinck - Beauvoir Clinic","isPartOf":{"@id":"https:\/\/old.beauvoirclinic.com\/en\/#website"},"datePublished":"2025-02-11T08:18:36+00:00","dateModified":"2025-02-15T07:51:48+00:00","breadcrumb":{"@id":"https:\/\/old.beauvoirclinic.com\/en\/team\/amelie-crommelinck\/#breadcrumb"},"inLanguage":"en-US","potentialAction":[{"@type":"ReadAction","target":["https:\/\/old.beauvoirclinic.com\/en\/team\/amelie-crommelinck\/"]}]},{"@type":"BreadcrumbList","@id":"https:\/\/old.beauvoirclinic.com\/en\/team\/amelie-crommelinck\/#breadcrumb","itemListElement":[{"@type":"ListItem","position":1,"name":"Accueil","item":"https:\/\/old.beauvoirclinic.com\/en\/"},{"@type":"ListItem","position":2,"name":"Team","item":"https:\/\/old.beauvoirclinic.com\/en\/team\/"},{"@type":"ListItem","position":3,"name":"Am\u00e9lie Crommelinck"}]},{"@type":"WebSite","@id":"https:\/\/old.beauvoirclinic.com\/en\/#website","url":"https:\/\/old.beauvoirclinic.com\/en\/","name":"Beauvoir Clinic","description":"Beaut\u00e9, Bien-\u00eatre, Long\u00e9vit\u00e9","publisher":{"@id":"https:\/\/old.beauvoirclinic.com\/en\/#organization"},"potentialAction":[{"@type":"SearchAction","target":{"@type":"EntryPoint","urlTemplate":"https:\/\/old.beauvoirclinic.com\/en\/?s={search_term_string}"},"query-input":{"@type":"PropertyValueSpecification","valueRequired":true,"valueName":"search_term_string"}}],"inLanguage":"en-US"},{"@type":"Organization","@id":"https:\/\/old.beauvoirclinic.com\/en\/#organization","name":"Beauvoir Clinic","url":"https:\/\/old.beauvoirclinic.com\/en\/","logo":{"@type":"ImageObject","inLanguage":"en-US","@id":"https:\/\/old.beauvoirclinic.com\/en\/#\/schema\/logo\/image\/","url":"https:\/\/old.beauvoirclinic.com\/wp-content\/uploads\/2025\/07\/logo.jpg","contentUrl":"https:\/\/old.beauvoirclinic.com\/wp-content\/uploads\/2025\/07\/logo.jpg","width":1350,"height":1080,"caption":"Beauvoir Clinic"},"image":{"@id":"https:\/\/old.beauvoirclinic.com\/en\/#\/schema\/logo\/image\/"},"sameAs":["https:\/\/facebook.com\/beauvoirclinic","https:\/\/www.instagram.com\/beauvoir.clinic","https:\/\/linkedin.com\/company\/beauvoirclinic"]}]}},"_links":{"self":[{"href":"https:\/\/old.beauvoirclinic.com\/en\/wp-json\/wp\/v2\/pages\/257460","targetHints":{"allow":["GET"]}}],"collection":[{"href":"https:\/\/old.beauvoirclinic.com\/en\/wp-json\/wp\/v2\/pages"}],"about":[{"href":"https:\/\/old.beauvoirclinic.com\/en\/wp-json\/wp\/v2\/types\/page"}],"author":[{"embeddable":true,"href":"https:\/\/old.beauvoirclinic.com\/en\/wp-json\/wp\/v2\/users\/2"}],"replies":[{"embeddable":true,"href":"https:\/\/old.beauvoirclinic.com\/en\/wp-json\/wp\/v2\/comments?post=257460"}],"version-history":[{"count":2,"href":"https:\/\/old.beauvoirclinic.com\/en\/wp-json\/wp\/v2\/pages\/257460\/revisions"}],"predecessor-version":[{"id":257463,"href":"https:\/\/old.beauvoirclinic.com\/en\/wp-json\/wp\/v2\/pages\/257460\/revisions\/257463"}],"up":[{"embeddable":true,"href":"https:\/\/old.beauvoirclinic.com\/en\/wp-json\/wp\/v2\/pages\/257475"}],"wp:attachment":[{"href":"https:\/\/old.beauvoirclinic.com\/en\/wp-json\/wp\/v2\/media?parent=257460"}],"curies":[{"name":"wp","href":"https:\/\/api.w.org\/{rel}","templated":true}]}}